{"id":6815,"date":"2026-01-16T04:15:20","date_gmt":"2026-01-16T05:15:20","guid":{"rendered":"https:\/\/sodadetour.com\/product\/cape-verde-sao-vicente-and-santo-antao-2\/"},"modified":"2026-02-02T01:23:54","modified_gmt":"2026-02-02T02:23:54","slug":"cabo-verde-sao-vicente-e-santo-antao-2","status":"publish","type":"product","link":"https:\/\/sodadetour.com\/pt\/produto\/cabo-verde-sao-vicente-e-santo-antao-2\/","title":{"rendered":"Cabo Verde: S\u00e3o Vicente e Santo Ant\u00e3o"},"content":{"rendered":"<p>Junte-se \u00e0 nossa viagem de cinco dias e explore a beleza das ilhas de Cabo Verde, Sao Vicente e Santo Ant\u00e3o. Explore a vibrante cidade de Mindelo e deixe-se levar pelo ritmo da morna, a m\u00fasica tradicional do Sao Vicente. O passeio de barco, o banho relaxante e o mergulho nas praias de Santo Ant\u00e3o lev\u00e1-lo-\u00e3o ao prazer do relaxamento e a pequena caminhada at\u00e9 ao Vulc\u00e3o da Gruta encher\u00e1 a sua vista com espectaculares vistas panor\u00e2micas. Esta vibra\u00e7\u00e3o africana com um toque europeu ir\u00e1 apaziguar os seus sentidos e deixar um momento memor\u00e1vel para toda a vida.<\/p>","protected":false},"excerpt":{"rendered":"<p>Join our five-day tour and explore the beauty of Cape Verde\u00b4s islands, Sao Vicente and Santo Antao. Explore the vibrant city of Mindelo and get tendered by the rhythm of morna, traditional music of Sao Vicente. The sailing trip, relaxing bath and snorkel in the beaches of Santo Antao will take you to the pleasure [&hellip;]<\/p>\n","protected":false},"featured_media":3748,"template":"","meta":{"_acf_changed":false},"product_brand":[],"product_cat":[75,88,91,97,93,95,83],"product_tag":[79,90,92,98,94,96,85],"class_list":{"0":"post-6815","1":"product","2":"type-product","3":"status-publish","4":"has-post-thumbnail","6":"product_cat-adventure","7":"product_cat-cultural","8":"product_cat-hiking","9":"product_cat-multi-day","10":"product_cat-santo-antao","11":"product_cat-sao-vicente","12":"product_cat-water-sports","13":"product_tag-adventure","14":"product_tag-cultural","15":"product_tag-hiking","16":"product_tag-multi-day","17":"product_tag-santo-antao","18":"product_tag-sao-vicente","19":"product_tag-water-sports","20":"wcpa_has_options","22":"first","23":"instock","24":"purchasable","25":"product-type-simple"},"acf":[],"_links":{"self":[{"href":"https:\/\/sodadetour.com\/pt\/wp-json\/wp\/v2\/product\/6815","targetHints":{"allow":["GET"]}}],"collection":[{"href":"https:\/\/sodadetour.com\/pt\/wp-json\/wp\/v2\/product"}],"about":[{"href":"https:\/\/sodadetour.com\/pt\/wp-json\/wp\/v2\/types\/product"}],"wp:featuredmedia":[{"embeddable":true,"href":"https:\/\/sodadetour.com\/pt\/wp-json\/wp\/v2\/media\/3748"}],"wp:attachment":[{"href":"https:\/\/sodadetour.com\/pt\/wp-json\/wp\/v2\/media?parent=6815"}],"wp:term":[{"taxonomy":"product_brand","embeddable":true,"href":"https:\/\/sodadetour.com\/pt\/wp-json\/wp\/v2\/product_brand?post=6815"},{"taxonomy":"product_cat","embeddable":true,"href":"https:\/\/sodadetour.com\/pt\/wp-json\/wp\/v2\/product_cat?post=6815"},{"taxonomy":"product_tag","embeddable":true,"href":"https:\/\/sodadetour.com\/pt\/wp-json\/wp\/v2\/product_tag?post=6815"}],"curies":[{"name":"wp","href":"https:\/\/api.w.org\/{rel}","templated":true}]}}