{"id":6813,"date":"2026-01-26T18:38:23","date_gmt":"2026-01-26T19:38:23","guid":{"rendered":"https:\/\/sodadetour.com\/product\/fogo-island-2-days-hike\/"},"modified":"2026-02-02T01:23:53","modified_gmt":"2026-02-02T02:23:53","slug":"ilha-do-fogo-2-dias-de-caminhada","status":"publish","type":"product","link":"https:\/\/sodadetour.com\/pt\/produto\/ilha-do-fogo-2-dias-de-caminhada\/","title":{"rendered":"O melhor da ilha do Fogo"},"content":{"rendered":"<p>Alcan\u00e7ar a montanha mais alta de Cabo Verde, com 2.829 metros, e a terceira montanha mais alta do Oceano Atl\u00e2ntico. Desfrute de um dos cones vulc\u00e2nicos mais \u00edngremes e espectaculares do mundo. Encontre-se com os locais em Ch\u00e3 das Caldeiras, uma aldeia aut\u00eantica com uma natureza indom\u00e1vel, e descubra os pontos altos de S\u00e3o Felipe.<\/p>","protected":false},"excerpt":{"rendered":"<p>Alcan\u00e7ar a montanha mais alta de Cabo Verde, com 2.829 metros, e a terceira montanha mais alta do Oceano Atl\u00e2ntico. Desfrute de um dos cones vulc\u00e2nicos mais \u00edngremes e espectaculares do mundo. Encontre-se com os locais em Ch\u00e3 das Caldeiras, uma aldeia aut\u00eantica com uma natureza indom\u00e1vel, e descubra os pontos altos de S\u00e3o Felipe.<\/p>","protected":false},"featured_media":3060,"template":"","meta":{"_acf_changed":false},"product_brand":[],"product_cat":[75,88,101,91,97],"product_tag":[79,90,102,92,98],"class_list":{"0":"post-6813","1":"product","2":"type-product","3":"status-publish","4":"has-post-thumbnail","6":"product_cat-adventure","7":"product_cat-cultural","8":"product_cat-fogo","9":"product_cat-hiking","10":"product_cat-multi-day","11":"product_tag-adventure","12":"product_tag-cultural","13":"product_tag-fogo","14":"product_tag-hiking","15":"product_tag-multi-day","16":"wcpa_has_options","18":"first","19":"instock","20":"purchasable","21":"product-type-simple"},"acf":[],"_links":{"self":[{"href":"https:\/\/sodadetour.com\/pt\/wp-json\/wp\/v2\/product\/6813","targetHints":{"allow":["GET"]}}],"collection":[{"href":"https:\/\/sodadetour.com\/pt\/wp-json\/wp\/v2\/product"}],"about":[{"href":"https:\/\/sodadetour.com\/pt\/wp-json\/wp\/v2\/types\/product"}],"wp:featuredmedia":[{"embeddable":true,"href":"https:\/\/sodadetour.com\/pt\/wp-json\/wp\/v2\/media\/3060"}],"wp:attachment":[{"href":"https:\/\/sodadetour.com\/pt\/wp-json\/wp\/v2\/media?parent=6813"}],"wp:term":[{"taxonomy":"product_brand","embeddable":true,"href":"https:\/\/sodadetour.com\/pt\/wp-json\/wp\/v2\/product_brand?post=6813"},{"taxonomy":"product_cat","embeddable":true,"href":"https:\/\/sodadetour.com\/pt\/wp-json\/wp\/v2\/product_cat?post=6813"},{"taxonomy":"product_tag","embeddable":true,"href":"https:\/\/sodadetour.com\/pt\/wp-json\/wp\/v2\/product_tag?post=6813"}],"curies":[{"name":"wp","href":"https:\/\/api.w.org\/{rel}","templated":true}]}}