{"id":6812,"date":"2026-01-25T14:03:17","date_gmt":"2026-01-25T15:03:17","guid":{"rendered":"https:\/\/sodadetour.com\/product\/cape-verde-mixed-trails\/"},"modified":"2026-02-02T01:23:53","modified_gmt":"2026-02-02T02:23:53","slug":"trilhos-mistos-de-cabo-verde","status":"publish","type":"product","link":"https:\/\/sodadetour.com\/pt\/produto\/trilhos-mistos-de-cabo-verde\/","title":{"rendered":"Cabo Verde: saltando de ilha em ilha"},"content":{"rendered":"<p>Visitas, degusta\u00e7\u00f5es, t\u00faneis de lava e noite de capoeira! Sonha em atravessar o verdejante Vale de Paul na ilha de Santo Ant\u00e3o, explorar o vulc\u00e3o Fogo e a sua caldeira lunar, descobrir os mercados coloridos de Santiago e passear pela cidade dos artistas do Mindelo? N\u00e3o h\u00e1 que escolher! Concebemos uma viagem que re\u00fane as quatro ilhas mais marcantes de Cabo Verde, um verdadeiro resumo das paisagens variadas, dos trilhos mais bonitos e dos ambientes quentes que caracterizam o arquip\u00e9lago. A subida do vulc\u00e3o Pico de Fogo, oferecida como op\u00e7\u00e3o nesta viagem, oferece tamb\u00e9m a possibilidade de realizar um pequeno e acess\u00edvel desafio pessoal! Uma viagem rica em passeios, mas tamb\u00e9m em descobertas e encontros.<\/p>","protected":false},"excerpt":{"rendered":"<p>Visits, tastings, lava tunnelling and capoeira night! Do you dream of crossing the verdant Valle de Paul on the island of Santo Ant\u00e3o, exploring volcanic Fogo and its lunar caldera, discovering the colourful markets of Santiago and strolling through the artists&#8217; city of Mindelo? There&#8217;s no need to choose! We&#8217;ve designed a trip that brings [&hellip;]<\/p>\n","protected":false},"featured_media":2915,"template":"","meta":{"_acf_changed":false},"product_brand":[],"product_cat":[75,88,101,91,97,87,93,95],"product_tag":[79,90,102,92,98,89,94,96],"class_list":{"0":"post-6812","1":"product","2":"type-product","3":"status-publish","4":"has-post-thumbnail","6":"product_cat-adventure","7":"product_cat-cultural","8":"product_cat-fogo","9":"product_cat-hiking","10":"product_cat-multi-day","11":"product_cat-santiago","12":"product_cat-santo-antao","13":"product_cat-sao-vicente","14":"product_tag-adventure","15":"product_tag-cultural","16":"product_tag-fogo","17":"product_tag-hiking","18":"product_tag-multi-day","19":"product_tag-santiago","20":"product_tag-santo-antao","21":"product_tag-sao-vicente","22":"wcpa_has_options","24":"first","25":"instock","26":"purchasable","27":"product-type-simple"},"acf":[],"_links":{"self":[{"href":"https:\/\/sodadetour.com\/pt\/wp-json\/wp\/v2\/product\/6812","targetHints":{"allow":["GET"]}}],"collection":[{"href":"https:\/\/sodadetour.com\/pt\/wp-json\/wp\/v2\/product"}],"about":[{"href":"https:\/\/sodadetour.com\/pt\/wp-json\/wp\/v2\/types\/product"}],"wp:featuredmedia":[{"embeddable":true,"href":"https:\/\/sodadetour.com\/pt\/wp-json\/wp\/v2\/media\/2915"}],"wp:attachment":[{"href":"https:\/\/sodadetour.com\/pt\/wp-json\/wp\/v2\/media?parent=6812"}],"wp:term":[{"taxonomy":"product_brand","embeddable":true,"href":"https:\/\/sodadetour.com\/pt\/wp-json\/wp\/v2\/product_brand?post=6812"},{"taxonomy":"product_cat","embeddable":true,"href":"https:\/\/sodadetour.com\/pt\/wp-json\/wp\/v2\/product_cat?post=6812"},{"taxonomy":"product_tag","embeddable":true,"href":"https:\/\/sodadetour.com\/pt\/wp-json\/wp\/v2\/product_tag?post=6812"}],"curies":[{"name":"wp","href":"https:\/\/api.w.org\/{rel}","templated":true}]}}