{"id":6811,"date":"2026-01-25T00:19:37","date_gmt":"2026-01-25T01:19:37","guid":{"rendered":"https:\/\/sodadetour.com\/product\/cape-verde-sao-vicente-and-santo-antao\/"},"modified":"2026-02-02T01:23:53","modified_gmt":"2026-02-02T02:23:53","slug":"cape-verde-sao-vicente-and-santo-antao","status":"publish","type":"product","link":"https:\/\/sodadetour.com\/pt\/produto\/cape-verde-sao-vicente-and-santo-antao\/","title":{"rendered":"Cabo Verde: Ilhas Morabeza"},"content":{"rendered":"<p>Comece na Ilha de Sao Vicente e termine em S\u00e3o Pedro! Com a excurs\u00e3o Caminhadas &amp; Trekking Trilhos Secretos de Santo Ant\u00e3o &amp; S\u00e3o Vicente Discovery Tours.<\/p>","protected":false},"excerpt":{"rendered":"<p>Welcome to beautiful Cape Verde, where upon arrival at Sao Vicente International Airport, you&#8217;ll be met and greeted by our English-speaking tour representative who will assist you with the transfer to your hotel in the area of Mindelo. If you&#8217;re feeling adventurous, hit the streets to explore this fascinating island, discover the rhythmic music of morna, and experience the warmth of this vibrant city where the &#8220;morna&#8221; musical genre has been classified as Intangible Heritage of humanity by UNESCO.<\/p>","protected":false},"featured_media":2907,"template":"","meta":{"_acf_changed":false},"product_brand":[],"product_cat":[75,88,91,97,93,95],"product_tag":[79,90,92,98,94,96],"class_list":{"0":"post-6811","1":"product","2":"type-product","3":"status-publish","4":"has-post-thumbnail","6":"product_cat-adventure","7":"product_cat-cultural","8":"product_cat-hiking","9":"product_cat-multi-day","10":"product_cat-santo-antao","11":"product_cat-sao-vicente","12":"product_tag-adventure","13":"product_tag-cultural","14":"product_tag-hiking","15":"product_tag-multi-day","16":"product_tag-santo-antao","17":"product_tag-sao-vicente","18":"wcpa_has_options","20":"first","21":"instock","22":"purchasable","23":"product-type-simple"},"acf":[],"_links":{"self":[{"href":"https:\/\/sodadetour.com\/pt\/wp-json\/wp\/v2\/product\/6811","targetHints":{"allow":["GET"]}}],"collection":[{"href":"https:\/\/sodadetour.com\/pt\/wp-json\/wp\/v2\/product"}],"about":[{"href":"https:\/\/sodadetour.com\/pt\/wp-json\/wp\/v2\/types\/product"}],"wp:featuredmedia":[{"embeddable":true,"href":"https:\/\/sodadetour.com\/pt\/wp-json\/wp\/v2\/media\/2907"}],"wp:attachment":[{"href":"https:\/\/sodadetour.com\/pt\/wp-json\/wp\/v2\/media?parent=6811"}],"wp:term":[{"taxonomy":"product_brand","embeddable":true,"href":"https:\/\/sodadetour.com\/pt\/wp-json\/wp\/v2\/product_brand?post=6811"},{"taxonomy":"product_cat","embeddable":true,"href":"https:\/\/sodadetour.com\/pt\/wp-json\/wp\/v2\/product_cat?post=6811"},{"taxonomy":"product_tag","embeddable":true,"href":"https:\/\/sodadetour.com\/pt\/wp-json\/wp\/v2\/product_tag?post=6811"}],"curies":[{"name":"wp","href":"https:\/\/api.w.org\/{rel}","templated":true}]}}