{"id":6810,"date":"2026-01-19T11:21:34","date_gmt":"2026-01-19T12:21:34","guid":{"rendered":"https:\/\/sodadetour.com\/product\/santo-antao-best-of-fogo-island-hiking-discovery-4-days-3-nights\/"},"modified":"2026-02-02T01:23:53","modified_gmt":"2026-02-02T02:23:53","slug":"santo-antao-o-melhor-da-ilha-do-fogo-caminhadas-descoberta-4-dias-3-noites","status":"publish","type":"product","link":"https:\/\/sodadetour.com\/pt\/produto\/santo-antao-o-melhor-da-ilha-do-fogo-caminhadas-descoberta-4-dias-3-noites\/","title":{"rendered":"Ilha do Fogo: O melhor da Ilha do Fogo: Caminhadas e Descoberta, 4 dias e 3 noites"},"content":{"rendered":"<p>Comece e termine em S\u00e3o Filipe! Com a excurs\u00e3o Caminhadas &amp; Trekking O Melhor da Ilha Fogo: Caminhadas &amp; Descobertas, 4 Dias 3 Noites, tem um pacote tur\u00edstico de 4 dias que o leva por S\u00e3o Filipe, Cabo Verde e Fogo. O melhor da ilha Fogo: Caminhadas e Descobertas, 4 Dias e 3 Noites inclui alojamento, um guia especializado, refei\u00e7\u00f5es, transporte e muito mais.<\/p>","protected":false},"excerpt":{"rendered":"<p>Experience the magnificent walk from east to west on Santo Ant\u00e3o, the archipelago&#8217;s pedestrian island par excellence, on this exclusive journey that is a true immersion in nature and Cape Verdean culture. From the green terraced slopes of the north-east coast to the remote, mineral valleys of the west coast, you&#8217;ll travel along contrasting routes through grandiose landscapes with steep peaks, ending at the magnificent Tarrafal beach, a fishing village at the end of the island.<\/p>","protected":false},"featured_media":458,"template":"","meta":{"_acf_changed":false},"product_brand":[],"product_cat":[75,101,91,97],"product_tag":[79,102,92,98],"class_list":{"0":"post-6810","1":"product","2":"type-product","3":"status-publish","4":"has-post-thumbnail","6":"product_cat-adventure","7":"product_cat-fogo","8":"product_cat-hiking","9":"product_cat-multi-day","10":"product_tag-adventure","11":"product_tag-fogo","12":"product_tag-hiking","13":"product_tag-multi-day","14":"wcpa_has_options","16":"first","17":"instock","18":"purchasable","19":"product-type-simple"},"acf":[],"_links":{"self":[{"href":"https:\/\/sodadetour.com\/pt\/wp-json\/wp\/v2\/product\/6810","targetHints":{"allow":["GET"]}}],"collection":[{"href":"https:\/\/sodadetour.com\/pt\/wp-json\/wp\/v2\/product"}],"about":[{"href":"https:\/\/sodadetour.com\/pt\/wp-json\/wp\/v2\/types\/product"}],"wp:featuredmedia":[{"embeddable":true,"href":"https:\/\/sodadetour.com\/pt\/wp-json\/wp\/v2\/media\/458"}],"wp:attachment":[{"href":"https:\/\/sodadetour.com\/pt\/wp-json\/wp\/v2\/media?parent=6810"}],"wp:term":[{"taxonomy":"product_brand","embeddable":true,"href":"https:\/\/sodadetour.com\/pt\/wp-json\/wp\/v2\/product_brand?post=6810"},{"taxonomy":"product_cat","embeddable":true,"href":"https:\/\/sodadetour.com\/pt\/wp-json\/wp\/v2\/product_cat?post=6810"},{"taxonomy":"product_tag","embeddable":true,"href":"https:\/\/sodadetour.com\/pt\/wp-json\/wp\/v2\/product_tag?post=6810"}],"curies":[{"name":"wp","href":"https:\/\/api.w.org\/{rel}","templated":true}]}}