{"id":6807,"date":"2026-01-22T20:37:58","date_gmt":"2026-01-22T21:37:58","guid":{"rendered":"https:\/\/sodadetour.com\/product\/sao-vicente-discover-scuba-diving-pool-sea-sao-vicente-cape-verde\/"},"modified":"2026-02-02T01:23:52","modified_gmt":"2026-02-02T02:23:52","slug":"sao-vicente-discover-scuba-diving-pool-sea-sao-vicente-cape-verde","status":"publish","type":"product","link":"https:\/\/sodadetour.com\/pt\/produto\/sao-vicente-discover-scuba-diving-pool-sea-sao-vicente-cape-verde\/","title":{"rendered":"S\u00e3o Vicente: Descubra Piscina de Mergulho + Mar S\u00e3o Vicente, Cabo Verde"},"content":{"rendered":"<p>Descubra o mergulho e explore o mundo subaqu\u00e1tico de Cabo Verde. Aprenda as no\u00e7\u00f5es b\u00e1sicas numa piscina antes de sair para mergulhar no oceano para esta atividade aventureira.<\/p>","protected":false},"excerpt":{"rendered":"<p>Discover the secrets of S\u00e3o Vicente and Santo Ant\u00e3o on this 7-day tour package that takes you through Ilha de Sao Vicente and other destinations in Cape Verde. Experience the cultural and musical capital of Mindelo, explore the dramatic landscapes of Santo Ant\u00e3o, hike from the Cova Volcano Crater to Pa\u00fal Valley, discover the greenest valley of the archipelago, and enjoy the warmth of local hospitality as you create unforgettable memories of these beautiful islands.<\/p>","protected":false},"featured_media":3065,"template":"","meta":{"_acf_changed":false},"product_brand":[],"product_cat":[75,74,95,83],"product_tag":[79,78,96,85],"class_list":{"0":"post-6807","1":"product","2":"type-product","3":"status-publish","4":"has-post-thumbnail","6":"product_cat-adventure","7":"product_cat-day-tour","8":"product_cat-sao-vicente","9":"product_cat-water-sports","10":"product_tag-adventure","11":"product_tag-day-tour","12":"product_tag-sao-vicente","13":"product_tag-water-sports","14":"wcpa_has_options","16":"first","17":"instock","18":"purchasable","19":"product-type-simple"},"acf":[],"_links":{"self":[{"href":"https:\/\/sodadetour.com\/pt\/wp-json\/wp\/v2\/product\/6807","targetHints":{"allow":["GET"]}}],"collection":[{"href":"https:\/\/sodadetour.com\/pt\/wp-json\/wp\/v2\/product"}],"about":[{"href":"https:\/\/sodadetour.com\/pt\/wp-json\/wp\/v2\/types\/product"}],"wp:featuredmedia":[{"embeddable":true,"href":"https:\/\/sodadetour.com\/pt\/wp-json\/wp\/v2\/media\/3065"}],"wp:attachment":[{"href":"https:\/\/sodadetour.com\/pt\/wp-json\/wp\/v2\/media?parent=6807"}],"wp:term":[{"taxonomy":"product_brand","embeddable":true,"href":"https:\/\/sodadetour.com\/pt\/wp-json\/wp\/v2\/product_brand?post=6807"},{"taxonomy":"product_cat","embeddable":true,"href":"https:\/\/sodadetour.com\/pt\/wp-json\/wp\/v2\/product_cat?post=6807"},{"taxonomy":"product_tag","embeddable":true,"href":"https:\/\/sodadetour.com\/pt\/wp-json\/wp\/v2\/product_tag?post=6807"}],"curies":[{"name":"wp","href":"https:\/\/api.w.org\/{rel}","templated":true}]}}