{"id":6805,"date":"2026-01-22T05:39:27","date_gmt":"2026-01-22T06:39:27","guid":{"rendered":"https:\/\/sodadetour.com\/product\/sal-island-fishing-barbecue-experience\/"},"modified":"2026-02-02T01:23:52","modified_gmt":"2026-02-02T02:23:52","slug":"experiencia-de-churrasco-de-pesca-na-ilha-do-sal","status":"publish","type":"product","link":"https:\/\/sodadetour.com\/pt\/produto\/experiencia-de-churrasco-de-pesca-na-ilha-do-sal\/","title":{"rendered":"Ilha do Sal: Experi\u00eancia de Pesca e Churrasco"},"content":{"rendered":"<p>Viva um dia diferente do habitual e venha descobrir os nossos m\u00e9todos de pesca nas praias da ilha do Sal, e conhe\u00e7a as t\u00e9cnicas tradicionais que utilizamos para atrair os peixes, no final iremos grelh\u00e1-los.<\/p>","protected":false},"excerpt":{"rendered":"<p>Discover all the facets of generous and contrasting Santo Ant\u00e3o in one week on this comprehensive tour that takes you to the tropical valleys of the north-east and then to the lunar landscapes of the arid centre. The walks lead to areas lined with banana, sugar cane and mango trees, revealing the island&#8217;s volcanic heritage in full colour, with opportunities to visit grog distilleries and lush vegetation that make Santo Ant\u00e3o a paradise for hikers.<\/p>","protected":false},"featured_media":3207,"template":"","meta":{"_acf_changed":false},"product_brand":[],"product_cat":[88,74,76,84,73],"product_tag":[90,78,80,86,77],"class_list":{"0":"post-6805","1":"product","2":"type-product","3":"status-publish","4":"has-post-thumbnail","6":"product_cat-cultural","7":"product_cat-day-tour","8":"product_cat-family","9":"product_cat-fishing","10":"product_cat-sal","11":"product_tag-cultural","12":"product_tag-day-tour","13":"product_tag-family","14":"product_tag-fishing","15":"product_tag-sal","16":"wcpa_has_options","18":"first","19":"instock","20":"purchasable","21":"product-type-simple"},"acf":[],"_links":{"self":[{"href":"https:\/\/sodadetour.com\/pt\/wp-json\/wp\/v2\/product\/6805","targetHints":{"allow":["GET"]}}],"collection":[{"href":"https:\/\/sodadetour.com\/pt\/wp-json\/wp\/v2\/product"}],"about":[{"href":"https:\/\/sodadetour.com\/pt\/wp-json\/wp\/v2\/types\/product"}],"wp:featuredmedia":[{"embeddable":true,"href":"https:\/\/sodadetour.com\/pt\/wp-json\/wp\/v2\/media\/3207"}],"wp:attachment":[{"href":"https:\/\/sodadetour.com\/pt\/wp-json\/wp\/v2\/media?parent=6805"}],"wp:term":[{"taxonomy":"product_brand","embeddable":true,"href":"https:\/\/sodadetour.com\/pt\/wp-json\/wp\/v2\/product_brand?post=6805"},{"taxonomy":"product_cat","embeddable":true,"href":"https:\/\/sodadetour.com\/pt\/wp-json\/wp\/v2\/product_cat?post=6805"},{"taxonomy":"product_tag","embeddable":true,"href":"https:\/\/sodadetour.com\/pt\/wp-json\/wp\/v2\/product_tag?post=6805"}],"curies":[{"name":"wp","href":"https:\/\/api.w.org\/{rel}","templated":true}]}}