{"id":6804,"date":"2026-01-24T23:20:01","date_gmt":"2026-01-25T00:20:01","guid":{"rendered":"https:\/\/sodadetour.com\/product\/sal-island-3-5-hour-tapas-tasting-food-tour\/"},"modified":"2026-02-02T01:23:52","modified_gmt":"2026-02-02T02:23:52","slug":"sal-island-3-5-hour-tapas-tasting-food-tour","status":"publish","type":"product","link":"https:\/\/sodadetour.com\/pt\/produto\/sal-island-3-5-hour-tapas-tasting-food-tour\/","title":{"rendered":"Ilha do Sal: Tour gastron\u00f4mico de degusta\u00e7\u00e3o de tapas de 3,5 horas"},"content":{"rendered":"<p>Descubra os pontos mais interessantes do centro de Santa Maria enquanto saboreia a gastronomia local. Desfrute de deliciosos pratos como cuscuz, croquetes, queijos, doces, licores, pastelaria e muito mais.<\/p>","protected":false},"excerpt":{"rendered":"<p>Experience the most beautiful hiking trails of Santo Ant\u00e3o on this 3-day walking tour that takes you from the green terraced slopes of the north-east coast to the remote, mineral valleys of the west coast. This exclusive journey is a true immersion in nature and Cape Verdean culture, with every night offering the warmth of your hosts for a well-deserved rest as you travel along contrasting routes through grandiose landscapes with steep peaks.<\/p>","protected":false},"featured_media":3217,"template":"","meta":{"_acf_changed":false},"product_brand":[],"product_cat":[88,74,73],"product_tag":[90,78,77],"class_list":{"0":"post-6804","1":"product","2":"type-product","3":"status-publish","4":"has-post-thumbnail","6":"product_cat-cultural","7":"product_cat-day-tour","8":"product_cat-sal","9":"product_tag-cultural","10":"product_tag-day-tour","11":"product_tag-sal","12":"wcpa_has_options","14":"first","15":"instock","16":"purchasable","17":"product-type-simple"},"acf":[],"_links":{"self":[{"href":"https:\/\/sodadetour.com\/pt\/wp-json\/wp\/v2\/product\/6804","targetHints":{"allow":["GET"]}}],"collection":[{"href":"https:\/\/sodadetour.com\/pt\/wp-json\/wp\/v2\/product"}],"about":[{"href":"https:\/\/sodadetour.com\/pt\/wp-json\/wp\/v2\/types\/product"}],"wp:featuredmedia":[{"embeddable":true,"href":"https:\/\/sodadetour.com\/pt\/wp-json\/wp\/v2\/media\/3217"}],"wp:attachment":[{"href":"https:\/\/sodadetour.com\/pt\/wp-json\/wp\/v2\/media?parent=6804"}],"wp:term":[{"taxonomy":"product_brand","embeddable":true,"href":"https:\/\/sodadetour.com\/pt\/wp-json\/wp\/v2\/product_brand?post=6804"},{"taxonomy":"product_cat","embeddable":true,"href":"https:\/\/sodadetour.com\/pt\/wp-json\/wp\/v2\/product_cat?post=6804"},{"taxonomy":"product_tag","embeddable":true,"href":"https:\/\/sodadetour.com\/pt\/wp-json\/wp\/v2\/product_tag?post=6804"}],"curies":[{"name":"wp","href":"https:\/\/api.w.org\/{rel}","templated":true}]}}