{"id":6803,"date":"2026-01-21T08:15:55","date_gmt":"2026-01-21T09:15:55","guid":{"rendered":"https:\/\/sodadetour.com\/product\/sal-island-cachupa-preparation-and-tasting-classes\/"},"modified":"2026-02-27T15:48:15","modified_gmt":"2026-02-27T16:48:15","slug":"aulas-de-preparacao-e-degustacao-de-cachupa-da-ilha-do-sal","status":"publish","type":"product","link":"https:\/\/sodadetour.com\/pt\/produto\/aulas-de-preparacao-e-degustacao-de-cachupa-da-ilha-do-sal\/","title":{"rendered":"Ilha do Sal: aula de prepara\u00e7\u00e3o de cachupa"},"content":{"rendered":"<p>Embarque numa atividade culin\u00e1ria para aprender a preparar cachupa. A cachupa \u00e9 um prato tradicional cabo-verdiano feito de milho, carne, peixe, feij\u00e3o e outros ingredientes.<\/p>","protected":false},"excerpt":{"rendered":"<p>Experience the thrill of breathing underwater on this PADI Discover Scuba Diving program designed for those who want to know what it&#8217;s like to scuba dive in a controlled environment. This experience allows you to discover the underwater world in a supervised and relaxed way, opening doors to a world of new possibilities in recreational scuba diving through a theoretical session, practical session in the pool, and an open water dive where you&#8217;ll do one boat dive in the sea.<\/p>","protected":false},"featured_media":3225,"template":"","meta":{"_acf_changed":false},"product_brand":[],"product_cat":[88,74,73],"product_tag":[90,78,77],"class_list":{"0":"post-6803","1":"product","2":"type-product","3":"status-publish","4":"has-post-thumbnail","6":"product_cat-cultural","7":"product_cat-day-tour","8":"product_cat-sal","9":"product_tag-cultural","10":"product_tag-day-tour","11":"product_tag-sal","12":"wcpa_has_options","14":"first","15":"instock","16":"purchasable","17":"product-type-simple"},"acf":[],"_links":{"self":[{"href":"https:\/\/sodadetour.com\/pt\/wp-json\/wp\/v2\/product\/6803","targetHints":{"allow":["GET"]}}],"collection":[{"href":"https:\/\/sodadetour.com\/pt\/wp-json\/wp\/v2\/product"}],"about":[{"href":"https:\/\/sodadetour.com\/pt\/wp-json\/wp\/v2\/types\/product"}],"wp:featuredmedia":[{"embeddable":true,"href":"https:\/\/sodadetour.com\/pt\/wp-json\/wp\/v2\/media\/3225"}],"wp:attachment":[{"href":"https:\/\/sodadetour.com\/pt\/wp-json\/wp\/v2\/media?parent=6803"}],"wp:term":[{"taxonomy":"product_brand","embeddable":true,"href":"https:\/\/sodadetour.com\/pt\/wp-json\/wp\/v2\/product_brand?post=6803"},{"taxonomy":"product_cat","embeddable":true,"href":"https:\/\/sodadetour.com\/pt\/wp-json\/wp\/v2\/product_cat?post=6803"},{"taxonomy":"product_tag","embeddable":true,"href":"https:\/\/sodadetour.com\/pt\/wp-json\/wp\/v2\/product_tag?post=6803"}],"curies":[{"name":"wp","href":"https:\/\/api.w.org\/{rel}","templated":true}]}}