{"id":6801,"date":"2026-01-24T03:09:27","date_gmt":"2026-01-24T04:09:27","guid":{"rendered":"https:\/\/sodadetour.com\/product\/sal-island-hike-murdeira-to-monte-grande\/"},"modified":"2026-02-02T01:23:51","modified_gmt":"2026-02-02T02:23:51","slug":"caminhada-da-ilha-do-sal-murdeira-ao-monte-grande","status":"publish","type":"product","link":"https:\/\/sodadetour.com\/pt\/produto\/caminhada-da-ilha-do-sal-murdeira-ao-monte-grande\/","title":{"rendered":"Ilha do Sal: caminhada da Murdeira at\u00e9 Monte Grande"},"content":{"rendered":"<p>Embarque numa viagem para visitar a montanha mais alta da ilha do Sal com cerca de 405 metros de altura. Uma viagem onde ter\u00e1 uma vis\u00e3o mais privilegiada da ilha do Sal, onde deixar\u00e1 o conforto do seu hotel, rumo aos descobrimentos.<\/p>","protected":false},"excerpt":{"rendered":"<p>Experience the perfect blend of fishing and dining on this excursion where we&#8217;ll take you to a beach that offers a greater quantity of fish and a more immersive fishing experience. We&#8217;ll provide you with some equipment and basic lessons on how to use it, then start the activities, and when the sun starts to set, we&#8217;ll grill our fish for a delicious meal that combines the thrill of the catch with the satisfaction of enjoying your fresh catch.<\/p>","protected":false},"featured_media":3238,"template":"","meta":{"_acf_changed":false},"product_brand":[],"product_cat":[75,74,91,73],"product_tag":[79,78,92,77],"class_list":{"0":"post-6801","1":"product","2":"type-product","3":"status-publish","4":"has-post-thumbnail","6":"product_cat-adventure","7":"product_cat-day-tour","8":"product_cat-hiking","9":"product_cat-sal","10":"product_tag-adventure","11":"product_tag-day-tour","12":"product_tag-hiking","13":"product_tag-sal","14":"wcpa_has_options","16":"first","17":"instock","18":"purchasable","19":"product-type-simple"},"acf":[],"_links":{"self":[{"href":"https:\/\/sodadetour.com\/pt\/wp-json\/wp\/v2\/product\/6801","targetHints":{"allow":["GET"]}}],"collection":[{"href":"https:\/\/sodadetour.com\/pt\/wp-json\/wp\/v2\/product"}],"about":[{"href":"https:\/\/sodadetour.com\/pt\/wp-json\/wp\/v2\/types\/product"}],"wp:featuredmedia":[{"embeddable":true,"href":"https:\/\/sodadetour.com\/pt\/wp-json\/wp\/v2\/media\/3238"}],"wp:attachment":[{"href":"https:\/\/sodadetour.com\/pt\/wp-json\/wp\/v2\/media?parent=6801"}],"wp:term":[{"taxonomy":"product_brand","embeddable":true,"href":"https:\/\/sodadetour.com\/pt\/wp-json\/wp\/v2\/product_brand?post=6801"},{"taxonomy":"product_cat","embeddable":true,"href":"https:\/\/sodadetour.com\/pt\/wp-json\/wp\/v2\/product_cat?post=6801"},{"taxonomy":"product_tag","embeddable":true,"href":"https:\/\/sodadetour.com\/pt\/wp-json\/wp\/v2\/product_tag?post=6801"}],"curies":[{"name":"wp","href":"https:\/\/api.w.org\/{rel}","templated":true}]}}