{"id":6800,"date":"2026-01-28T19:52:29","date_gmt":"2026-01-28T20:52:29","guid":{"rendered":"https:\/\/sodadetour.com\/product\/sal-island-city-tour-in-espargos-and-shark-watching\/"},"modified":"2026-02-02T01:23:51","modified_gmt":"2026-02-02T02:23:51","slug":"passeio-pela-cidade-da-ilha-do-sal-em-espargos-e-observacao-de-tubaroes","status":"publish","type":"product","link":"https:\/\/sodadetour.com\/pt\/produto\/passeio-pela-cidade-da-ilha-do-sal-em-espargos-e-observacao-de-tubaroes\/","title":{"rendered":"Ilha do Sal: City tour em Espargos e observa\u00e7\u00e3o de tubar\u00f5es"},"content":{"rendered":"<p>Embarque numa visita guiada \u00e0 cidade de Espargos e depois numa visita \u00e0 Ba\u00eda de Parda para observa\u00e7\u00e3o de tubar\u00f5es.<\/p>","protected":false},"excerpt":{"rendered":"<p>Don&#8217;t waste time reading reviews when you can discover the best local cuisine on this guided food tour of Santa Maria. Visit a variety of local eateries, from street food stalls to upscale restaurants, and taste everything from fresh seafood to traditional Cape Verdean stews, while your guide shares stories about the history of the dishes and the ingredients that make them so special on this must-do tour for any foodie visiting Santa Maria.<\/p>","protected":false},"featured_media":3192,"template":"","meta":{"_acf_changed":false},"product_brand":[],"product_cat":[88,74,73,81],"product_tag":[90,78,77,82],"class_list":{"0":"post-6800","1":"product","2":"type-product","3":"status-publish","4":"has-post-thumbnail","6":"product_cat-cultural","7":"product_cat-day-tour","8":"product_cat-sal","9":"product_cat-wildlife","10":"product_tag-cultural","11":"product_tag-day-tour","12":"product_tag-sal","13":"product_tag-wildlife","14":"wcpa_has_options","16":"first","17":"instock","18":"purchasable","19":"product-type-simple"},"acf":[],"_links":{"self":[{"href":"https:\/\/sodadetour.com\/pt\/wp-json\/wp\/v2\/product\/6800","targetHints":{"allow":["GET"]}}],"collection":[{"href":"https:\/\/sodadetour.com\/pt\/wp-json\/wp\/v2\/product"}],"about":[{"href":"https:\/\/sodadetour.com\/pt\/wp-json\/wp\/v2\/types\/product"}],"wp:featuredmedia":[{"embeddable":true,"href":"https:\/\/sodadetour.com\/pt\/wp-json\/wp\/v2\/media\/3192"}],"wp:attachment":[{"href":"https:\/\/sodadetour.com\/pt\/wp-json\/wp\/v2\/media?parent=6800"}],"wp:term":[{"taxonomy":"product_brand","embeddable":true,"href":"https:\/\/sodadetour.com\/pt\/wp-json\/wp\/v2\/product_brand?post=6800"},{"taxonomy":"product_cat","embeddable":true,"href":"https:\/\/sodadetour.com\/pt\/wp-json\/wp\/v2\/product_cat?post=6800"},{"taxonomy":"product_tag","embeddable":true,"href":"https:\/\/sodadetour.com\/pt\/wp-json\/wp\/v2\/product_tag?post=6800"}],"curies":[{"name":"wp","href":"https:\/\/api.w.org\/{rel}","templated":true}]}}