{"id":6798,"date":"2026-01-23T15:03:37","date_gmt":"2026-01-23T16:03:37","guid":{"rendered":"https:\/\/sodadetour.com\/product\/sal-island-private-boat-trip\/"},"modified":"2026-02-02T01:23:51","modified_gmt":"2026-02-02T02:23:51","slug":"passeio-de-barco-privado-na-ilha-do-sal","status":"publish","type":"product","link":"https:\/\/sodadetour.com\/pt\/produto\/passeio-de-barco-privado-na-ilha-do-sal\/","title":{"rendered":"Ilha do Sal: passeio de barco privado"},"content":{"rendered":"<p>Um passeio \u00e0 vela privado ao longo da magn\u00edfica costa de Santa Maria na Ilha do Sal. Um veleiro muito espa\u00e7oso e confort\u00e1vel onde passar\u00e1 um excelente momento, sempre na companhia de uma tripula\u00e7\u00e3o animada.<\/p>","protected":false},"excerpt":{"rendered":"<p>Take part in a special experience course in Santa Maria to learn how to make authentic sushi from a sushi chef under professional guidance. Learn everything from fish preparation and cutting techniques to the art of making sushi, dressed in traditional chef&#8217;s attire that makes you feel like a real sushi chef, and at the end of the experience, taste the exceptional flavor of sushi created with your own hands, allowing you to fully appreciate the freshness.<\/p>","protected":false},"featured_media":2928,"template":"","meta":{"_acf_changed":false},"product_brand":[],"product_cat":[74,73,83],"product_tag":[78,77,85],"class_list":{"0":"post-6798","1":"product","2":"type-product","3":"status-publish","4":"has-post-thumbnail","6":"product_cat-day-tour","7":"product_cat-sal","8":"product_cat-water-sports","9":"product_tag-day-tour","10":"product_tag-sal","11":"product_tag-water-sports","12":"wcpa_has_options","14":"first","15":"instock","16":"purchasable","17":"product-type-simple"},"acf":[],"_links":{"self":[{"href":"https:\/\/sodadetour.com\/pt\/wp-json\/wp\/v2\/product\/6798","targetHints":{"allow":["GET"]}}],"collection":[{"href":"https:\/\/sodadetour.com\/pt\/wp-json\/wp\/v2\/product"}],"about":[{"href":"https:\/\/sodadetour.com\/pt\/wp-json\/wp\/v2\/types\/product"}],"wp:featuredmedia":[{"embeddable":true,"href":"https:\/\/sodadetour.com\/pt\/wp-json\/wp\/v2\/media\/2928"}],"wp:attachment":[{"href":"https:\/\/sodadetour.com\/pt\/wp-json\/wp\/v2\/media?parent=6798"}],"wp:term":[{"taxonomy":"product_brand","embeddable":true,"href":"https:\/\/sodadetour.com\/pt\/wp-json\/wp\/v2\/product_brand?post=6798"},{"taxonomy":"product_cat","embeddable":true,"href":"https:\/\/sodadetour.com\/pt\/wp-json\/wp\/v2\/product_cat?post=6798"},{"taxonomy":"product_tag","embeddable":true,"href":"https:\/\/sodadetour.com\/pt\/wp-json\/wp\/v2\/product_tag?post=6798"}],"curies":[{"name":"wp","href":"https:\/\/api.w.org\/{rel}","templated":true}]}}