{"id":6794,"date":"2026-01-23T07:39:59","date_gmt":"2026-01-23T08:39:59","guid":{"rendered":"https:\/\/sodadetour.com\/product\/sal-island-zip-lining-experience-on-sal-island\/"},"modified":"2026-02-02T01:23:49","modified_gmt":"2026-02-02T02:23:49","slug":"sal-island-zip-lining-experience-on-sal-island","status":"publish","type":"product","link":"https:\/\/sodadetour.com\/pt\/produto\/sal-island-zip-lining-experience-on-sal-island\/","title":{"rendered":"Ilha do Sal: Experi\u00eancia de tirolesa"},"content":{"rendered":"<p>Sinta a emo\u00e7\u00e3o de descer uma montanha com vista para o mar e o oceano numa excurs\u00e3o de aventura com transporte de e para Santa Maria. Relaxe e aprecie os ritmos quentes de Cabo Verde com bebidas refrescantes.<\/p>","protected":false},"excerpt":{"rendered":"<p>Create unforgettable memories on this private boat trip that is 100% personalized and perfect for anniversaries, honeymoons, proposals, and more. Meet us at the end of the pier in Santa Maria, where our staff will welcome you on board with a basic package that includes 6 to 6.5 hours of private boat rental, an open bar with drinks and snacks, snorkeling equipment, and a bottle of selected Prosecco, with options to upgrade with luxury extras.<\/p>","protected":false},"featured_media":3285,"template":"","meta":{"_acf_changed":false},"product_brand":[],"product_cat":[75,74,76,73],"product_tag":[79,78,80,77],"class_list":{"0":"post-6794","1":"product","2":"type-product","3":"status-publish","4":"has-post-thumbnail","6":"product_cat-adventure","7":"product_cat-day-tour","8":"product_cat-family","9":"product_cat-sal","10":"product_tag-adventure","11":"product_tag-day-tour","12":"product_tag-family","13":"product_tag-sal","14":"wcpa_has_options","16":"first","17":"instock","18":"purchasable","19":"product-type-simple"},"acf":[],"_links":{"self":[{"href":"https:\/\/sodadetour.com\/pt\/wp-json\/wp\/v2\/product\/6794","targetHints":{"allow":["GET"]}}],"collection":[{"href":"https:\/\/sodadetour.com\/pt\/wp-json\/wp\/v2\/product"}],"about":[{"href":"https:\/\/sodadetour.com\/pt\/wp-json\/wp\/v2\/types\/product"}],"wp:featuredmedia":[{"embeddable":true,"href":"https:\/\/sodadetour.com\/pt\/wp-json\/wp\/v2\/media\/3285"}],"wp:attachment":[{"href":"https:\/\/sodadetour.com\/pt\/wp-json\/wp\/v2\/media?parent=6794"}],"wp:term":[{"taxonomy":"product_brand","embeddable":true,"href":"https:\/\/sodadetour.com\/pt\/wp-json\/wp\/v2\/product_brand?post=6794"},{"taxonomy":"product_cat","embeddable":true,"href":"https:\/\/sodadetour.com\/pt\/wp-json\/wp\/v2\/product_cat?post=6794"},{"taxonomy":"product_tag","embeddable":true,"href":"https:\/\/sodadetour.com\/pt\/wp-json\/wp\/v2\/product_tag?post=6794"}],"curies":[{"name":"wp","href":"https:\/\/api.w.org\/{rel}","templated":true}]}}