{"id":6793,"date":"2026-01-27T16:28:15","date_gmt":"2026-01-27T17:28:15","guid":{"rendered":"https:\/\/sodadetour.com\/product\/santo-antao-hike-circular\/"},"modified":"2026-02-02T01:23:49","modified_gmt":"2026-02-02T02:23:49","slug":"santo-antao-hike-circular","status":"publish","type":"product","link":"https:\/\/sodadetour.com\/pt\/produto\/santo-antao-hike-circular\/","title":{"rendered":"Santo Ant\u00e3o: caminhada pela floresta do planalto leste"},"content":{"rendered":"<p>Explore o trilho mais famoso de Santo Ant\u00e3o e caminhe a partir da circular do planalto leste. Aprenda hist\u00f3rias e factos importantes com o seu guia enquanto aprecia as vistas deslumbrantes dos arredores.<\/p>","protected":false},"excerpt":{"rendered":"<p>Enjoy a comfortable trip from the island of Sal to Boavista from 9am in the morning and back at 5pm in the afternoon on this sailing adventure. On our trip, you&#8217;ll find snacks and drinks included, as well as a sail to the island of Boavista, where you&#8217;ll have a magnificent view of the coastline of Sal Island and then the island of Boavista, with opportunities to spot dolphins on the island of Boavista before visiting the town of Sal Rei and having lunch in the town.<\/p>","protected":false},"featured_media":3292,"template":"","meta":{"_acf_changed":false},"product_brand":[],"product_cat":[75,74,91,93],"product_tag":[79,78,92,94],"class_list":{"0":"post-6793","1":"product","2":"type-product","3":"status-publish","4":"has-post-thumbnail","6":"product_cat-adventure","7":"product_cat-day-tour","8":"product_cat-hiking","9":"product_cat-santo-antao","10":"product_tag-adventure","11":"product_tag-day-tour","12":"product_tag-hiking","13":"product_tag-santo-antao","14":"wcpa_has_options","16":"first","17":"instock","18":"purchasable","19":"product-type-simple"},"acf":[],"_links":{"self":[{"href":"https:\/\/sodadetour.com\/pt\/wp-json\/wp\/v2\/product\/6793","targetHints":{"allow":["GET"]}}],"collection":[{"href":"https:\/\/sodadetour.com\/pt\/wp-json\/wp\/v2\/product"}],"about":[{"href":"https:\/\/sodadetour.com\/pt\/wp-json\/wp\/v2\/types\/product"}],"wp:featuredmedia":[{"embeddable":true,"href":"https:\/\/sodadetour.com\/pt\/wp-json\/wp\/v2\/media\/3292"}],"wp:attachment":[{"href":"https:\/\/sodadetour.com\/pt\/wp-json\/wp\/v2\/media?parent=6793"}],"wp:term":[{"taxonomy":"product_brand","embeddable":true,"href":"https:\/\/sodadetour.com\/pt\/wp-json\/wp\/v2\/product_brand?post=6793"},{"taxonomy":"product_cat","embeddable":true,"href":"https:\/\/sodadetour.com\/pt\/wp-json\/wp\/v2\/product_cat?post=6793"},{"taxonomy":"product_tag","embeddable":true,"href":"https:\/\/sodadetour.com\/pt\/wp-json\/wp\/v2\/product_tag?post=6793"}],"curies":[{"name":"wp","href":"https:\/\/api.w.org\/{rel}","templated":true}]}}