{"id":6786,"date":"2026-01-19T10:58:15","date_gmt":"2026-01-19T11:58:15","guid":{"rendered":"https:\/\/sodadetour.com\/product\/sao-nicolauhike-praia-branca-ribeira-da-prata\/"},"modified":"2026-02-02T01:23:48","modified_gmt":"2026-02-02T02:23:48","slug":"sao-nicolauhike-praia-branca-ribeira-da-prata","status":"publish","type":"product","link":"https:\/\/sodadetour.com\/pt\/produto\/sao-nicolauhike-praia-branca-ribeira-da-prata\/","title":{"rendered":"S\u00e3o Nicolau:caminhada Praia Branca - Ribeira da Prata"},"content":{"rendered":"<p>Desfrute de um passeio f\u00e1cil da Praia Branca at\u00e9 \u00e0 Ribeira da Prata. Tenha um tempo agrad\u00e1vel e divertido na praia.<\/p>","protected":false},"excerpt":{"rendered":"<p>Become a certified diver with this Open Water Diver course, the first scuba certification level that in about 15 hours will give you the skills and knowledge to dive at home or abroad. Learn through three parts: Knowledge Development covering principles and concepts for diving safety and enjoyment, Confined Water Dives where you practice scuba skills, and Open Water Dives at a local dive site by boat, allowing you to explore the other 70% of our planet.<\/p>","protected":false},"featured_media":3379,"template":"","meta":{"_acf_changed":false},"product_brand":[],"product_cat":[74,91,99],"product_tag":[78,92,100],"class_list":{"0":"post-6786","1":"product","2":"type-product","3":"status-publish","4":"has-post-thumbnail","6":"product_cat-day-tour","7":"product_cat-hiking","8":"product_cat-sao-nicolau","9":"product_tag-day-tour","10":"product_tag-hiking","11":"product_tag-sao-nicolau","12":"wcpa_has_options","14":"first","15":"instock","16":"purchasable","17":"product-type-simple"},"acf":[],"_links":{"self":[{"href":"https:\/\/sodadetour.com\/pt\/wp-json\/wp\/v2\/product\/6786","targetHints":{"allow":["GET"]}}],"collection":[{"href":"https:\/\/sodadetour.com\/pt\/wp-json\/wp\/v2\/product"}],"about":[{"href":"https:\/\/sodadetour.com\/pt\/wp-json\/wp\/v2\/types\/product"}],"wp:featuredmedia":[{"embeddable":true,"href":"https:\/\/sodadetour.com\/pt\/wp-json\/wp\/v2\/media\/3379"}],"wp:attachment":[{"href":"https:\/\/sodadetour.com\/pt\/wp-json\/wp\/v2\/media?parent=6786"}],"wp:term":[{"taxonomy":"product_brand","embeddable":true,"href":"https:\/\/sodadetour.com\/pt\/wp-json\/wp\/v2\/product_brand?post=6786"},{"taxonomy":"product_cat","embeddable":true,"href":"https:\/\/sodadetour.com\/pt\/wp-json\/wp\/v2\/product_cat?post=6786"},{"taxonomy":"product_tag","embeddable":true,"href":"https:\/\/sodadetour.com\/pt\/wp-json\/wp\/v2\/product_tag?post=6786"}],"curies":[{"name":"wp","href":"https:\/\/api.w.org\/{rel}","templated":true}]}}