{"id":6783,"date":"2026-01-15T15:13:12","date_gmt":"2026-01-15T16:13:12","guid":{"rendered":"https:\/\/sodadetour.com\/product\/sao-nicolau-hike-juncalinho-trail\/"},"modified":"2026-02-02T01:23:47","modified_gmt":"2026-02-02T02:23:47","slug":"caminhada-em-sao-nicolau-trilho-do-juncalinho","status":"publish","type":"product","link":"https:\/\/sodadetour.com\/pt\/produto\/caminhada-em-sao-nicolau-trilho-do-juncalinho\/","title":{"rendered":"S\u00e3o Nicolau: Caminhada no Trilho do Juncalinho"},"content":{"rendered":"<p>Subir ao Tope Sim\u00e3o e ver as costas norte e sul. Desfrutar de vistas deslumbrantes sobre a paisagem marcada pela uni\u00e3o da montanha e do mar e pelos numerosos pequenos vulc\u00f5es que ladeiam a costa.<\/p>","protected":false},"excerpt":{"rendered":"<p>Experience the secrets of the sea and mountains surrounding Praia Branca on this circular route that runs along the coast from Praia Branca to Ribeira Prata, where you can see the cliffs of the mountains plunging into the ocean. Arriving at Ribeira Prata, there is a long descent back to Praia Branca again, offering those who want to discover the hidden treasures of this area a unique perspective on the island&#8217;s diverse landscapes.<\/p>","protected":false},"featured_media":3392,"template":"","meta":{"_acf_changed":false},"product_brand":[],"product_cat":[75,74,91,99],"product_tag":[79,78,92,100],"class_list":{"0":"post-6783","1":"product","2":"type-product","3":"status-publish","4":"has-post-thumbnail","6":"product_cat-adventure","7":"product_cat-day-tour","8":"product_cat-hiking","9":"product_cat-sao-nicolau","10":"product_tag-adventure","11":"product_tag-day-tour","12":"product_tag-hiking","13":"product_tag-sao-nicolau","14":"wcpa_has_options","16":"first","17":"instock","18":"purchasable","19":"product-type-simple"},"acf":[],"_links":{"self":[{"href":"https:\/\/sodadetour.com\/pt\/wp-json\/wp\/v2\/product\/6783","targetHints":{"allow":["GET"]}}],"collection":[{"href":"https:\/\/sodadetour.com\/pt\/wp-json\/wp\/v2\/product"}],"about":[{"href":"https:\/\/sodadetour.com\/pt\/wp-json\/wp\/v2\/types\/product"}],"wp:featuredmedia":[{"embeddable":true,"href":"https:\/\/sodadetour.com\/pt\/wp-json\/wp\/v2\/media\/3392"}],"wp:attachment":[{"href":"https:\/\/sodadetour.com\/pt\/wp-json\/wp\/v2\/media?parent=6783"}],"wp:term":[{"taxonomy":"product_brand","embeddable":true,"href":"https:\/\/sodadetour.com\/pt\/wp-json\/wp\/v2\/product_brand?post=6783"},{"taxonomy":"product_cat","embeddable":true,"href":"https:\/\/sodadetour.com\/pt\/wp-json\/wp\/v2\/product_cat?post=6783"},{"taxonomy":"product_tag","embeddable":true,"href":"https:\/\/sodadetour.com\/pt\/wp-json\/wp\/v2\/product_tag?post=6783"}],"curies":[{"name":"wp","href":"https:\/\/api.w.org\/{rel}","templated":true}]}}