{"id":6782,"date":"2026-01-23T18:07:16","date_gmt":"2026-01-23T19:07:16","guid":{"rendered":"https:\/\/sodadetour.com\/product\/sao-nicolau-hike-faja-covoada-faja\/"},"modified":"2026-02-02T01:23:47","modified_gmt":"2026-02-02T02:23:47","slug":"sao-nicolau-hike-faja-covoada-faja","status":"publish","type":"product","link":"https:\/\/sodadetour.com\/pt\/produto\/sao-nicolau-hike-faja-covoada-faja\/","title":{"rendered":"S\u00e3o Nicolau: Caminhada Faj\u00e3 - Covoada - Faj\u00e3"},"content":{"rendered":"<p>Explore a ilha com um guia local. Caminhe por entre vales verdejantes e ribeiras. Conhe\u00e7a a verdadeira cultura e hist\u00f3ria do povo de S\u00e3o Nicolau.<\/p>","protected":false},"excerpt":{"rendered":"<p>Visit the largest banana plantation in Cape Verde in the eastern part of Santiago Island, where you&#8217;ll take a short walk inside the plantation to see different types of fruit plants. Enjoy the famous black sand beach and take a few minutes to swim, then visit the local market in Pedra Badejo to complete this authentic agricultural experience that offers insight into the island&#8217;s farming traditions.<\/p>","protected":false},"featured_media":3377,"template":"","meta":{"_acf_changed":false},"product_brand":[],"product_cat":[75,74,91,99],"product_tag":[79,78,92,100],"class_list":{"0":"post-6782","1":"product","2":"type-product","3":"status-publish","4":"has-post-thumbnail","6":"product_cat-adventure","7":"product_cat-day-tour","8":"product_cat-hiking","9":"product_cat-sao-nicolau","10":"product_tag-adventure","11":"product_tag-day-tour","12":"product_tag-hiking","13":"product_tag-sao-nicolau","14":"wcpa_has_options","16":"first","17":"instock","18":"purchasable","19":"product-type-simple"},"acf":[],"_links":{"self":[{"href":"https:\/\/sodadetour.com\/pt\/wp-json\/wp\/v2\/product\/6782","targetHints":{"allow":["GET"]}}],"collection":[{"href":"https:\/\/sodadetour.com\/pt\/wp-json\/wp\/v2\/product"}],"about":[{"href":"https:\/\/sodadetour.com\/pt\/wp-json\/wp\/v2\/types\/product"}],"wp:featuredmedia":[{"embeddable":true,"href":"https:\/\/sodadetour.com\/pt\/wp-json\/wp\/v2\/media\/3377"}],"wp:attachment":[{"href":"https:\/\/sodadetour.com\/pt\/wp-json\/wp\/v2\/media?parent=6782"}],"wp:term":[{"taxonomy":"product_brand","embeddable":true,"href":"https:\/\/sodadetour.com\/pt\/wp-json\/wp\/v2\/product_brand?post=6782"},{"taxonomy":"product_cat","embeddable":true,"href":"https:\/\/sodadetour.com\/pt\/wp-json\/wp\/v2\/product_cat?post=6782"},{"taxonomy":"product_tag","embeddable":true,"href":"https:\/\/sodadetour.com\/pt\/wp-json\/wp\/v2\/product_tag?post=6782"}],"curies":[{"name":"wp","href":"https:\/\/api.w.org\/{rel}","templated":true}]}}