{"id":6781,"date":"2026-01-17T10:14:48","date_gmt":"2026-01-17T11:14:48","guid":{"rendered":"https:\/\/sodadetour.com\/product\/sao-nicolau-hike-tarrafal-praia-dboche-de-rotcha\/"},"modified":"2026-02-02T01:23:47","modified_gmt":"2026-02-02T02:23:47","slug":"sao-nicolau-hike-tarrafal-praia-dboche-de-rotcha","status":"publish","type":"product","link":"https:\/\/sodadetour.com\/pt\/produto\/sao-nicolau-hike-tarrafal-praia-dboche-de-rotcha\/","title":{"rendered":"S\u00e3o Nicolau: caminhada do Tarrafal at\u00e9 \u00e0 Praia D'Boche de Rotcha"},"content":{"rendered":"<p>Desfrute de uma caminhada incr\u00edvel e acess\u00edvel desde a aldeia piscat\u00f3ria do Tarrafal at\u00e9 \u00e0 praia de D'Boche de Rotcha.<\/p>","protected":false},"excerpt":{"rendered":"<p>Discover the stunning scenery of S\u00e3o Nicolau on this hassle-free tour that takes you in a 4&#215;4 to remote areas. Check out the views of Monte Gordo Natural Park, visit the Fish Museum, and enjoy a local lunch to refuel as you leave Ribeira on one of Cape Verde&#8217;s most spectacular roads, admiring a series of deep streams cut into the mountainside of the north coast before the lush Faj\u00e3 Valley.<\/p>","protected":false},"featured_media":3403,"template":"","meta":{"_acf_changed":false},"product_brand":[],"product_cat":[75,74,91,99],"product_tag":[79,78,92,100],"class_list":{"0":"post-6781","1":"product","2":"type-product","3":"status-publish","4":"has-post-thumbnail","6":"product_cat-adventure","7":"product_cat-day-tour","8":"product_cat-hiking","9":"product_cat-sao-nicolau","10":"product_tag-adventure","11":"product_tag-day-tour","12":"product_tag-hiking","13":"product_tag-sao-nicolau","14":"wcpa_has_options","16":"first","17":"instock","18":"purchasable","19":"product-type-simple"},"acf":[],"_links":{"self":[{"href":"https:\/\/sodadetour.com\/pt\/wp-json\/wp\/v2\/product\/6781","targetHints":{"allow":["GET"]}}],"collection":[{"href":"https:\/\/sodadetour.com\/pt\/wp-json\/wp\/v2\/product"}],"about":[{"href":"https:\/\/sodadetour.com\/pt\/wp-json\/wp\/v2\/types\/product"}],"wp:featuredmedia":[{"embeddable":true,"href":"https:\/\/sodadetour.com\/pt\/wp-json\/wp\/v2\/media\/3403"}],"wp:attachment":[{"href":"https:\/\/sodadetour.com\/pt\/wp-json\/wp\/v2\/media?parent=6781"}],"wp:term":[{"taxonomy":"product_brand","embeddable":true,"href":"https:\/\/sodadetour.com\/pt\/wp-json\/wp\/v2\/product_brand?post=6781"},{"taxonomy":"product_cat","embeddable":true,"href":"https:\/\/sodadetour.com\/pt\/wp-json\/wp\/v2\/product_cat?post=6781"},{"taxonomy":"product_tag","embeddable":true,"href":"https:\/\/sodadetour.com\/pt\/wp-json\/wp\/v2\/product_tag?post=6781"}],"curies":[{"name":"wp","href":"https:\/\/api.w.org\/{rel}","templated":true}]}}