{"id":6771,"date":"2026-01-23T13:22:15","date_gmt":"2026-01-23T14:22:15","guid":{"rendered":"https:\/\/sodadetour.com\/product\/boa-vista-islanddesert-north-safari\/"},"modified":"2026-02-02T01:23:44","modified_gmt":"2026-02-02T02:23:44","slug":"boa-vista-islanddesert-north-safari","status":"publish","type":"product","link":"https:\/\/sodadetour.com\/pt\/produto\/boa-vista-islanddesert-north-safari\/","title":{"rendered":"Ilha da Boa Vista: Safari no Deserto e no Norte"},"content":{"rendered":"<p>Junte-se a n\u00f3s num passeio de jipe aventureiro e cheio de a\u00e7\u00e3o para descobrir paisagens \u00fanicas, terrenos todo-o-terreno e recantos remotos da ilha, quer para o safari do Norte, na ilha da Boavista.<\/p>","protected":false},"excerpt":{"rendered":"<p>Journey through time on this historical and cultural tour of Santiago that starts at the Cruzeiro located in the old fortress behind the main Catholic church in Planalto. Learn about Cape Verde&#8217;s independence, see the Jaime Mota military barracks representing colonial influence, discover the story of explorer Diogo Gomes, and visit significant landmarks like the Presidential Palace, Igreja Matriz, and the vibrant African market with its bright and attractive colors.<\/p>","protected":false},"featured_media":3670,"template":"","meta":{"_acf_changed":false},"product_brand":[],"product_cat":[75,103,74],"product_tag":[79,104,78],"class_list":{"0":"post-6771","1":"product","2":"type-product","3":"status-publish","4":"has-post-thumbnail","6":"product_cat-adventure","7":"product_cat-boa-vista","8":"product_cat-day-tour","9":"product_tag-adventure","10":"product_tag-boa-vista","11":"product_tag-day-tour","12":"wcpa_has_options","14":"first","15":"instock","16":"purchasable","17":"product-type-simple"},"acf":[],"_links":{"self":[{"href":"https:\/\/sodadetour.com\/pt\/wp-json\/wp\/v2\/product\/6771","targetHints":{"allow":["GET"]}}],"collection":[{"href":"https:\/\/sodadetour.com\/pt\/wp-json\/wp\/v2\/product"}],"about":[{"href":"https:\/\/sodadetour.com\/pt\/wp-json\/wp\/v2\/types\/product"}],"wp:featuredmedia":[{"embeddable":true,"href":"https:\/\/sodadetour.com\/pt\/wp-json\/wp\/v2\/media\/3670"}],"wp:attachment":[{"href":"https:\/\/sodadetour.com\/pt\/wp-json\/wp\/v2\/media?parent=6771"}],"wp:term":[{"taxonomy":"product_brand","embeddable":true,"href":"https:\/\/sodadetour.com\/pt\/wp-json\/wp\/v2\/product_brand?post=6771"},{"taxonomy":"product_cat","embeddable":true,"href":"https:\/\/sodadetour.com\/pt\/wp-json\/wp\/v2\/product_cat?post=6771"},{"taxonomy":"product_tag","embeddable":true,"href":"https:\/\/sodadetour.com\/pt\/wp-json\/wp\/v2\/product_tag?post=6771"}],"curies":[{"name":"wp","href":"https:\/\/api.w.org\/{rel}","templated":true}]}}