{"id":6766,"date":"2026-01-16T13:27:47","date_gmt":"2026-01-16T14:27:47","guid":{"rendered":"https:\/\/sodadetour.com\/product\/boa-vista-turtle-watching-and-nighttime-nesting-tour\/"},"modified":"2026-02-02T01:23:44","modified_gmt":"2026-02-02T02:23:44","slug":"boa-vista-turtle-watching-and-nighttime-nesting-tour","status":"publish","type":"product","link":"https:\/\/sodadetour.com\/pt\/produto\/boa-vista-turtle-watching-and-nighttime-nesting-tour\/","title":{"rendered":"Boa Vista: Observa\u00e7\u00e3o de tartarugas e excurs\u00e3o nocturna de nidifica\u00e7\u00e3o"},"content":{"rendered":"<p>Passe uma noite \u00fanica na Ilha da Boavista a observar as tartarugas cabe\u00e7udas durante a \u00e9poca de nidifica\u00e7\u00e3o. Veja as tartarugas a preparar os seus ninhos e a p\u00f4r ovos na praia e apoie a sua conserva\u00e7\u00e3o.<\/p>","protected":false},"excerpt":{"rendered":"<p>Indulge in an unforgettable evening of wine tasting and tapas on this rooftop tour that combines stunning sunset views with exquisite Cape Verdean flavors. Begin at the charming Sodade Memory House, housed in a beautifully preserved colonial home, then head to Churrasqueira, a rooftop restaurant along the stunning coastline of Praia do Estoril, where you&#8217;ll be treated to a range of local wines paired with a sumptuous tapas board piled high with cheeses, ham, and olives.<\/p>","protected":false},"featured_media":2795,"template":"","meta":{"_acf_changed":false},"product_brand":[],"product_cat":[103,74,81],"product_tag":[104,78,82],"class_list":{"0":"post-6766","1":"product","2":"type-product","3":"status-publish","4":"has-post-thumbnail","6":"product_cat-boa-vista","7":"product_cat-day-tour","8":"product_cat-wildlife","9":"product_tag-boa-vista","10":"product_tag-day-tour","11":"product_tag-wildlife","12":"wcpa_has_options","14":"first","15":"instock","16":"purchasable","17":"product-type-simple"},"acf":[],"_links":{"self":[{"href":"https:\/\/sodadetour.com\/pt\/wp-json\/wp\/v2\/product\/6766","targetHints":{"allow":["GET"]}}],"collection":[{"href":"https:\/\/sodadetour.com\/pt\/wp-json\/wp\/v2\/product"}],"about":[{"href":"https:\/\/sodadetour.com\/pt\/wp-json\/wp\/v2\/types\/product"}],"wp:featuredmedia":[{"embeddable":true,"href":"https:\/\/sodadetour.com\/pt\/wp-json\/wp\/v2\/media\/2795"}],"wp:attachment":[{"href":"https:\/\/sodadetour.com\/pt\/wp-json\/wp\/v2\/media?parent=6766"}],"wp:term":[{"taxonomy":"product_brand","embeddable":true,"href":"https:\/\/sodadetour.com\/pt\/wp-json\/wp\/v2\/product_brand?post=6766"},{"taxonomy":"product_cat","embeddable":true,"href":"https:\/\/sodadetour.com\/pt\/wp-json\/wp\/v2\/product_cat?post=6766"},{"taxonomy":"product_tag","embeddable":true,"href":"https:\/\/sodadetour.com\/pt\/wp-json\/wp\/v2\/product_tag?post=6766"}],"curies":[{"name":"wp","href":"https:\/\/api.w.org\/{rel}","templated":true}]}}