{"id":6762,"date":"2026-01-22T13:29:59","date_gmt":"2026-01-22T14:29:59","guid":{"rendered":"https:\/\/sodadetour.com\/product\/boa-vista-island-half-day-whale-watching-tours\/"},"modified":"2026-02-02T01:23:43","modified_gmt":"2026-02-02T02:23:43","slug":"excursoes-de-meio-dia-para-observacao-de-baleias-na-ilha-da-boa-vista","status":"publish","type":"product","link":"https:\/\/sodadetour.com\/pt\/produto\/excursoes-de-meio-dia-para-observacao-de-baleias-na-ilha-da-boa-vista\/","title":{"rendered":"Ilha da Boa Vista: excurs\u00f5es de meio dia para observa\u00e7\u00e3o de baleias"},"content":{"rendered":"<p>Procure as majestosas baleias jubarte numa excurs\u00e3o de meio dia em Boa Vista. Com um guia bi\u00f3logo, aprenda sobre estas enormes criaturas enquanto as observa no seu habitat natural.<\/p>","protected":false},"excerpt":{"rendered":"<p>Experience the ultimate adventure on Boa Vista&#8217;s west coast, where you&#8217;ll try the island&#8217;s newest activity\u2014sandboarding down the &#8220;mini&#8221; Sahara dunes\u2014and discover incredible wildlife in their natural habitats. Watch green turtles feeding in Turtle Bay, see lemon sharks at Shark Bay, taste local specialties like rum and liqueur in Vila Velha, and combine nature, adrenaline, and local flavor on this exciting tour.<\/p>","protected":false},"featured_media":2523,"template":"","meta":{"_acf_changed":false},"product_brand":[],"product_cat":[103,74,76,81],"product_tag":[104,78,80,82],"class_list":{"0":"post-6762","1":"product","2":"type-product","3":"status-publish","4":"has-post-thumbnail","6":"product_cat-boa-vista","7":"product_cat-day-tour","8":"product_cat-family","9":"product_cat-wildlife","10":"product_tag-boa-vista","11":"product_tag-day-tour","12":"product_tag-family","13":"product_tag-wildlife","14":"wcpa_has_options","16":"first","17":"instock","18":"purchasable","19":"product-type-simple"},"acf":[],"_links":{"self":[{"href":"https:\/\/sodadetour.com\/pt\/wp-json\/wp\/v2\/product\/6762","targetHints":{"allow":["GET"]}}],"collection":[{"href":"https:\/\/sodadetour.com\/pt\/wp-json\/wp\/v2\/product"}],"about":[{"href":"https:\/\/sodadetour.com\/pt\/wp-json\/wp\/v2\/types\/product"}],"wp:featuredmedia":[{"embeddable":true,"href":"https:\/\/sodadetour.com\/pt\/wp-json\/wp\/v2\/media\/2523"}],"wp:attachment":[{"href":"https:\/\/sodadetour.com\/pt\/wp-json\/wp\/v2\/media?parent=6762"}],"wp:term":[{"taxonomy":"product_brand","embeddable":true,"href":"https:\/\/sodadetour.com\/pt\/wp-json\/wp\/v2\/product_brand?post=6762"},{"taxonomy":"product_cat","embeddable":true,"href":"https:\/\/sodadetour.com\/pt\/wp-json\/wp\/v2\/product_cat?post=6762"},{"taxonomy":"product_tag","embeddable":true,"href":"https:\/\/sodadetour.com\/pt\/wp-json\/wp\/v2\/product_tag?post=6762"}],"curies":[{"name":"wp","href":"https:\/\/api.w.org\/{rel}","templated":true}]}}