{"id":6759,"date":"2026-01-24T18:53:34","date_gmt":"2026-01-24T19:53:34","guid":{"rendered":"https:\/\/sodadetour.com\/product\/sal-island-full-day-sailing-boat-tour-6h\/"},"modified":"2026-02-02T01:23:43","modified_gmt":"2026-02-02T02:23:43","slug":"ilha-do-sal-passeio-de-barco-a-vela-de-dia-inteiro-6h","status":"publish","type":"product","link":"https:\/\/sodadetour.com\/pt\/produto\/ilha-do-sal-passeio-de-barco-a-vela-de-dia-inteiro-6h\/","title":{"rendered":"Ilha do Sal: Dia inteiro \u2013 Passeio de barco \u00e0 vela 6h"},"content":{"rendered":"<p>Embarque num passeio de veleiro ao longo da magn\u00edfica costa de Santamaria, na ilha do Sal. Um veleiro muito espa\u00e7oso e confort\u00e1vel onde se divertir\u00e1 imenso, sempre na companhia de uma tripula\u00e7\u00e3o animada.<\/p>","protected":false},"excerpt":{"rendered":"<p>Explore the beautiful waters of Santa Maria Bay on this exciting jet ski tour that combines speed with stunning coastal scenery. Experience the thrill of riding a jet ski in the crystal-clear waters of Cape Verde, with opportunities to admire the panoramic views of the coastline and create unforgettable memories of your water adventure in this tropical paradise.<\/p>","protected":false},"featured_media":2783,"template":"","meta":{"_acf_changed":false},"product_brand":[],"product_cat":[74,73,83],"product_tag":[78,77,85],"class_list":{"0":"post-6759","1":"product","2":"type-product","3":"status-publish","4":"has-post-thumbnail","6":"product_cat-day-tour","7":"product_cat-sal","8":"product_cat-water-sports","9":"product_tag-day-tour","10":"product_tag-sal","11":"product_tag-water-sports","12":"wcpa_has_options","14":"first","15":"instock","16":"purchasable","17":"product-type-simple"},"acf":[],"_links":{"self":[{"href":"https:\/\/sodadetour.com\/pt\/wp-json\/wp\/v2\/product\/6759","targetHints":{"allow":["GET"]}}],"collection":[{"href":"https:\/\/sodadetour.com\/pt\/wp-json\/wp\/v2\/product"}],"about":[{"href":"https:\/\/sodadetour.com\/pt\/wp-json\/wp\/v2\/types\/product"}],"wp:featuredmedia":[{"embeddable":true,"href":"https:\/\/sodadetour.com\/pt\/wp-json\/wp\/v2\/media\/2783"}],"wp:attachment":[{"href":"https:\/\/sodadetour.com\/pt\/wp-json\/wp\/v2\/media?parent=6759"}],"wp:term":[{"taxonomy":"product_brand","embeddable":true,"href":"https:\/\/sodadetour.com\/pt\/wp-json\/wp\/v2\/product_brand?post=6759"},{"taxonomy":"product_cat","embeddable":true,"href":"https:\/\/sodadetour.com\/pt\/wp-json\/wp\/v2\/product_cat?post=6759"},{"taxonomy":"product_tag","embeddable":true,"href":"https:\/\/sodadetour.com\/pt\/wp-json\/wp\/v2\/product_tag?post=6759"}],"curies":[{"name":"wp","href":"https:\/\/api.w.org\/{rel}","templated":true}]}}