{"id":6758,"date":"2026-01-18T04:27:47","date_gmt":"2026-01-18T05:27:47","guid":{"rendered":"https:\/\/sodadetour.com\/product\/sal-island-windsurfing-lessons\/"},"modified":"2026-02-02T01:23:43","modified_gmt":"2026-02-02T02:23:43","slug":"aulas-de-windsurf-na-ilha-do-sal","status":"publish","type":"product","link":"https:\/\/sodadetour.com\/pt\/produto\/aulas-de-windsurf-na-ilha-do-sal\/","title":{"rendered":"Ilha do Sal: Aulas de Windsurf"},"content":{"rendered":"<p>Aulas de windsurf para principiantes com instrutores qualificados e profissionais e equipamento atualizado. Todo o equipamento est\u00e1 inclu\u00eddo no pre\u00e7o das aulas.<\/p>","protected":false},"excerpt":{"rendered":"<p>Experience the ultimate sailing adventure on this full-day excursion that showcases the stunning coastline of Sal Island. Visit the statue of &#8220;Christ of the Seas&#8221; where you can snorkel in a wonderful underwater world, enjoy a full sail along the coast with magnificent views of Sal Island, and relax on our stable 21-ton, 17-meter sailboat that provides ample space for you to enjoy its various areas.<\/p>","protected":false},"featured_media":3699,"template":"","meta":{"_acf_changed":false},"product_brand":[],"product_cat":[74,73,83],"product_tag":[78,77,85],"class_list":{"0":"post-6758","1":"product","2":"type-product","3":"status-publish","4":"has-post-thumbnail","6":"product_cat-day-tour","7":"product_cat-sal","8":"product_cat-water-sports","9":"product_tag-day-tour","10":"product_tag-sal","11":"product_tag-water-sports","12":"wcpa_has_options","14":"first","15":"instock","16":"purchasable","17":"product-type-simple"},"acf":[],"_links":{"self":[{"href":"https:\/\/sodadetour.com\/pt\/wp-json\/wp\/v2\/product\/6758","targetHints":{"allow":["GET"]}}],"collection":[{"href":"https:\/\/sodadetour.com\/pt\/wp-json\/wp\/v2\/product"}],"about":[{"href":"https:\/\/sodadetour.com\/pt\/wp-json\/wp\/v2\/types\/product"}],"wp:featuredmedia":[{"embeddable":true,"href":"https:\/\/sodadetour.com\/pt\/wp-json\/wp\/v2\/media\/3699"}],"wp:attachment":[{"href":"https:\/\/sodadetour.com\/pt\/wp-json\/wp\/v2\/media?parent=6758"}],"wp:term":[{"taxonomy":"product_brand","embeddable":true,"href":"https:\/\/sodadetour.com\/pt\/wp-json\/wp\/v2\/product_brand?post=6758"},{"taxonomy":"product_cat","embeddable":true,"href":"https:\/\/sodadetour.com\/pt\/wp-json\/wp\/v2\/product_cat?post=6758"},{"taxonomy":"product_tag","embeddable":true,"href":"https:\/\/sodadetour.com\/pt\/wp-json\/wp\/v2\/product_tag?post=6758"}],"curies":[{"name":"wp","href":"https:\/\/api.w.org\/{rel}","templated":true}]}}