{"id":6753,"date":"2026-01-24T04:56:45","date_gmt":"2026-01-24T05:56:45","guid":{"rendered":"https:\/\/sodadetour.com\/product\/sal-island-speedboat-trips\/"},"modified":"2026-02-02T01:23:40","modified_gmt":"2026-02-02T02:23:40","slug":"passeios-de-lancha-na-ilha-do-sal","status":"publish","type":"product","link":"https:\/\/sodadetour.com\/pt\/produto\/passeios-de-lancha-na-ilha-do-sal\/","title":{"rendered":"Ilha do Sal: Passeios de lancha"},"content":{"rendered":"<p>Desfrute das \u00e1guas tropicais de Cabo Verde. Nesta maravilhosa experi\u00eancia, ter\u00e1 a oportunidade de fazer snorkeling, ver golfinhos e apreciar a incr\u00edvel natureza desta ilha.<\/p>","protected":false},"excerpt":{"rendered":"<p>Experience the perfect blend of adrenaline and relaxation with our wide range of water activities in Santa Maria. Dive into crystal-clear waters on guided snorkeling and diving tours, feel the thrill of jet ski rides, or simply unwind on a serene boat cruise\u2014each tour is tailor-made to create unforgettable memories for friends, families, and couples celebrating special moments.<\/p>","protected":false},"featured_media":3722,"template":"","meta":{"_acf_changed":false},"product_brand":[],"product_cat":[75,74,76,73,83],"product_tag":[79,78,80,77,85],"class_list":{"0":"post-6753","1":"product","2":"type-product","3":"status-publish","4":"has-post-thumbnail","6":"product_cat-adventure","7":"product_cat-day-tour","8":"product_cat-family","9":"product_cat-sal","10":"product_cat-water-sports","11":"product_tag-adventure","12":"product_tag-day-tour","13":"product_tag-family","14":"product_tag-sal","15":"product_tag-water-sports","16":"wcpa_has_options","18":"first","19":"instock","20":"purchasable","21":"product-type-simple"},"acf":[],"_links":{"self":[{"href":"https:\/\/sodadetour.com\/pt\/wp-json\/wp\/v2\/product\/6753","targetHints":{"allow":["GET"]}}],"collection":[{"href":"https:\/\/sodadetour.com\/pt\/wp-json\/wp\/v2\/product"}],"about":[{"href":"https:\/\/sodadetour.com\/pt\/wp-json\/wp\/v2\/types\/product"}],"wp:featuredmedia":[{"embeddable":true,"href":"https:\/\/sodadetour.com\/pt\/wp-json\/wp\/v2\/media\/3722"}],"wp:attachment":[{"href":"https:\/\/sodadetour.com\/pt\/wp-json\/wp\/v2\/media?parent=6753"}],"wp:term":[{"taxonomy":"product_brand","embeddable":true,"href":"https:\/\/sodadetour.com\/pt\/wp-json\/wp\/v2\/product_brand?post=6753"},{"taxonomy":"product_cat","embeddable":true,"href":"https:\/\/sodadetour.com\/pt\/wp-json\/wp\/v2\/product_cat?post=6753"},{"taxonomy":"product_tag","embeddable":true,"href":"https:\/\/sodadetour.com\/pt\/wp-json\/wp\/v2\/product_tag?post=6753"}],"curies":[{"name":"wp","href":"https:\/\/api.w.org\/{rel}","templated":true}]}}