{"id":6746,"date":"2026-01-28T21:30:52","date_gmt":"2026-01-28T22:30:52","guid":{"rendered":"https:\/\/sodadetour.com\/product\/santiago-island-guided-tour-of-the-city-of-praia\/"},"modified":"2026-02-02T01:23:39","modified_gmt":"2026-02-02T02:23:39","slug":"santiago-island-guided-tour-of-the-city-of-praia","status":"publish","type":"product","link":"https:\/\/sodadetour.com\/pt\/produto\/santiago-island-guided-tour-of-the-city-of-praia\/","title":{"rendered":"Ilha de Santiago: visita guiada \u00e0 cidade da Praia"},"content":{"rendered":"<p>Descubra o centro pol\u00edtico e econ\u00f3mico de Cabo Verde numa visita guiada. Descubra a principal rua pedonal, os edif\u00edcios coloniais do s\u00e9culo XIX, os quart\u00e9is militares, os mercados e o pal\u00e1cio presidencial.<\/p>","protected":false},"excerpt":{"rendered":"<p>Explore the political and cultural heart of Cape Verde on this fascinating walking tour of Praia, starting at the Cruzeiro in the old fortress behind the main Catholic church. Discover symbols of colonial power, learn about Cape Verde&#8217;s journey to independence, visit the vibrant African market with its bright colors, and understand how 77% of the nation remains Catholic while experiencing the authentic atmosphere of this historic city.<\/p>","protected":false},"featured_media":3777,"template":"","meta":{"_acf_changed":false},"product_brand":[],"product_cat":[88,74,87],"product_tag":[90,78,89],"class_list":{"0":"post-6746","1":"product","2":"type-product","3":"status-publish","4":"has-post-thumbnail","6":"product_cat-cultural","7":"product_cat-day-tour","8":"product_cat-santiago","9":"product_tag-cultural","10":"product_tag-day-tour","11":"product_tag-santiago","12":"wcpa_has_options","14":"first","15":"instock","16":"purchasable","17":"product-type-simple"},"acf":[],"_links":{"self":[{"href":"https:\/\/sodadetour.com\/pt\/wp-json\/wp\/v2\/product\/6746","targetHints":{"allow":["GET"]}}],"collection":[{"href":"https:\/\/sodadetour.com\/pt\/wp-json\/wp\/v2\/product"}],"about":[{"href":"https:\/\/sodadetour.com\/pt\/wp-json\/wp\/v2\/types\/product"}],"wp:featuredmedia":[{"embeddable":true,"href":"https:\/\/sodadetour.com\/pt\/wp-json\/wp\/v2\/media\/3777"}],"wp:attachment":[{"href":"https:\/\/sodadetour.com\/pt\/wp-json\/wp\/v2\/media?parent=6746"}],"wp:term":[{"taxonomy":"product_brand","embeddable":true,"href":"https:\/\/sodadetour.com\/pt\/wp-json\/wp\/v2\/product_brand?post=6746"},{"taxonomy":"product_cat","embeddable":true,"href":"https:\/\/sodadetour.com\/pt\/wp-json\/wp\/v2\/product_cat?post=6746"},{"taxonomy":"product_tag","embeddable":true,"href":"https:\/\/sodadetour.com\/pt\/wp-json\/wp\/v2\/product_tag?post=6746"}],"curies":[{"name":"wp","href":"https:\/\/api.w.org\/{rel}","templated":true}]}}