{"id":6743,"date":"2026-01-17T15:13:21","date_gmt":"2026-01-17T16:13:21","guid":{"rendered":"https:\/\/sodadetour.com\/product\/santo-antao-island-discovering-the-classic-trails-3-4-days\/"},"modified":"2026-02-02T01:23:39","modified_gmt":"2026-02-02T02:23:39","slug":"ilha-de-santo-antao-a-descoberta-dos-trilhos-classicos-3-4-dias","status":"publish","type":"product","link":"https:\/\/sodadetour.com\/pt\/produto\/ilha-de-santo-antao-a-descoberta-dos-trilhos-classicos-3-4-dias\/","title":{"rendered":"Ilha de Santo Ant\u00e3o: descobrindo os trilhos cl\u00e1ssicos"},"content":{"rendered":"<p>Desfrute de um magn\u00edfico passeio pelos pontos mais emblem\u00e1ticos da ilha de Santo Ant\u00e3o, a ilha pedestre por excel\u00eancia do arquip\u00e9lago. Das encostas verdes em socalcos da costa nordeste aos vales remotos e minerais da costa oeste, esta viagem exclusiva \u00e9 uma verdadeira imers\u00e3o na natureza e na cultura cabo-verdiana. Todas as noites, encontrar\u00e1 o calor dos seus anfitri\u00f5es para um merecido descanso. Dos passeios mais emblem\u00e1ticos \u00e0s caminhadas mais intimistas, percorrer\u00e1 percursos contrastantes, atrav\u00e9s de paisagens grandiosas com picos \u00edngremes.<\/p>","protected":false},"excerpt":{"rendered":"<p>Discover the best of Cape Verde&#8217;s hiking trails on this 4-day adventure that takes you through the dramatic landscapes of Santo Ant\u00e3o. From the lush Paul Valley to the spectacular coastal path from Ponta do Sol to Cruzinha, with its colorful villages and breathtaking ocean views, this journey offers an immersive experience in nature and Cape Verdean culture, ending with a memorable turtle watching tour in S\u00e3o Pedro.<\/p>","protected":false},"featured_media":455,"template":"","meta":{"_acf_changed":false},"product_brand":[],"product_cat":[75,88,91,97,93],"product_tag":[79,90,92,98,94],"class_list":{"0":"post-6743","1":"product","2":"type-product","3":"status-publish","4":"has-post-thumbnail","6":"product_cat-adventure","7":"product_cat-cultural","8":"product_cat-hiking","9":"product_cat-multi-day","10":"product_cat-santo-antao","11":"product_tag-adventure","12":"product_tag-cultural","13":"product_tag-hiking","14":"product_tag-multi-day","15":"product_tag-santo-antao","16":"wcpa_has_options","18":"first","19":"instock","20":"purchasable","21":"product-type-simple"},"acf":[],"_links":{"self":[{"href":"https:\/\/sodadetour.com\/pt\/wp-json\/wp\/v2\/product\/6743","targetHints":{"allow":["GET"]}}],"collection":[{"href":"https:\/\/sodadetour.com\/pt\/wp-json\/wp\/v2\/product"}],"about":[{"href":"https:\/\/sodadetour.com\/pt\/wp-json\/wp\/v2\/types\/product"}],"wp:featuredmedia":[{"embeddable":true,"href":"https:\/\/sodadetour.com\/pt\/wp-json\/wp\/v2\/media\/455"}],"wp:attachment":[{"href":"https:\/\/sodadetour.com\/pt\/wp-json\/wp\/v2\/media?parent=6743"}],"wp:term":[{"taxonomy":"product_brand","embeddable":true,"href":"https:\/\/sodadetour.com\/pt\/wp-json\/wp\/v2\/product_brand?post=6743"},{"taxonomy":"product_cat","embeddable":true,"href":"https:\/\/sodadetour.com\/pt\/wp-json\/wp\/v2\/product_cat?post=6743"},{"taxonomy":"product_tag","embeddable":true,"href":"https:\/\/sodadetour.com\/pt\/wp-json\/wp\/v2\/product_tag?post=6743"}],"curies":[{"name":"wp","href":"https:\/\/api.w.org\/{rel}","templated":true}]}}