{"id":6741,"date":"2026-01-17T10:47:36","date_gmt":"2026-01-17T11:47:36","guid":{"rendered":"https:\/\/sodadetour.com\/product\/sao-vicente-hike-monte-verde\/"},"modified":"2026-02-02T01:23:39","modified_gmt":"2026-02-02T02:23:39","slug":"caminhada-em-sao-vicente-monte-verde","status":"publish","type":"product","link":"https:\/\/sodadetour.com\/pt\/produto\/caminhada-em-sao-vicente-monte-verde\/","title":{"rendered":"Ilha de S\u00e3o Vicente: Caminhada Monte Verde"},"content":{"rendered":"<p>Descobrir o ponto mais alto de S\u00e3o Vicente, o Monte Verde. Com o seu ambiente verde, plantas end\u00e9micas, casas de lavoura tradicionais, atividade ornitol\u00f3gica e as melhores vistas panor\u00e2micas da Ilha!<\/p>","protected":false},"excerpt":{"rendered":"<p>Hike to the summit of Monte Verde, S\u00e3o Vicente&#8217;s greenest peak, and be rewarded with spectacular views of the island and, on clear days, neighboring islands. Along the way, discover endemic plants, farmers, livestock, and abandoned homes, then stop at the Tea House to enjoy locally grown tea or coffee while taking in the stunning views of Mindelo and the coastal beaches from this 2-hour trek.<\/p>","protected":false},"featured_media":3384,"template":"","meta":{"_acf_changed":false},"product_brand":[],"product_cat":[75,74,91,95],"product_tag":[79,78,92,96],"class_list":{"0":"post-6741","1":"product","2":"type-product","3":"status-publish","4":"has-post-thumbnail","6":"product_cat-adventure","7":"product_cat-day-tour","8":"product_cat-hiking","9":"product_cat-sao-vicente","10":"product_tag-adventure","11":"product_tag-day-tour","12":"product_tag-hiking","13":"product_tag-sao-vicente","14":"wcpa_has_options","16":"first","17":"instock","18":"purchasable","19":"product-type-simple"},"acf":[],"_links":{"self":[{"href":"https:\/\/sodadetour.com\/pt\/wp-json\/wp\/v2\/product\/6741","targetHints":{"allow":["GET"]}}],"collection":[{"href":"https:\/\/sodadetour.com\/pt\/wp-json\/wp\/v2\/product"}],"about":[{"href":"https:\/\/sodadetour.com\/pt\/wp-json\/wp\/v2\/types\/product"}],"wp:featuredmedia":[{"embeddable":true,"href":"https:\/\/sodadetour.com\/pt\/wp-json\/wp\/v2\/media\/3384"}],"wp:attachment":[{"href":"https:\/\/sodadetour.com\/pt\/wp-json\/wp\/v2\/media?parent=6741"}],"wp:term":[{"taxonomy":"product_brand","embeddable":true,"href":"https:\/\/sodadetour.com\/pt\/wp-json\/wp\/v2\/product_brand?post=6741"},{"taxonomy":"product_cat","embeddable":true,"href":"https:\/\/sodadetour.com\/pt\/wp-json\/wp\/v2\/product_cat?post=6741"},{"taxonomy":"product_tag","embeddable":true,"href":"https:\/\/sodadetour.com\/pt\/wp-json\/wp\/v2\/product_tag?post=6741"}],"curies":[{"name":"wp","href":"https:\/\/api.w.org\/{rel}","templated":true}]}}