{"id":6739,"date":"2026-01-25T03:57:32","date_gmt":"2026-01-25T04:57:32","guid":{"rendered":"https:\/\/sodadetour.com\/product\/sal-island-catamaran-half-day-trip\/"},"modified":"2026-02-02T01:23:39","modified_gmt":"2026-02-02T02:23:39","slug":"passeio-de-catamara-de-meio-dia-na-ilha-do-sal","status":"publish","type":"product","link":"https:\/\/sodadetour.com\/pt\/produto\/passeio-de-catamara-de-meio-dia-na-ilha-do-sal\/","title":{"rendered":"Ilha do Sal: Passeio de meio dia em catamar\u00e3"},"content":{"rendered":"<p><strong>A costa do Sal \u00e9 o cen\u00e1rio perfeito para um cruzeiro e esta viagem de catamar\u00e3 s\u00f3 para adultos aproveita-a da melhor forma. Desfrute da brisa fresca do oceano e do sol quente de Cabo Verde enquanto navegamos pelo azul profundo do Atl\u00e2ntico. Fique atento aos golfinhos, baleias e tartarugas!<\/strong><\/p>","protected":false},"excerpt":{"rendered":"<p>Relax and unwind on this half-day catamaran excursion that combines the beauty of Cape Verde&#8217;s coastline with music, food, and drinks. Enjoy the sea breeze as you sail from Santa Maria&#8217;s pontoon, with opportunities to swim and snorkel along the way and the exciting possibility of spotting dolphins, whales, or other marine life in their natural habitat.<\/p>","protected":false},"featured_media":3255,"template":"","meta":{"_acf_changed":false},"product_brand":[],"product_cat":[74,73,83],"product_tag":[78,77,85],"class_list":{"0":"post-6739","1":"product","2":"type-product","3":"status-publish","4":"has-post-thumbnail","6":"product_cat-day-tour","7":"product_cat-sal","8":"product_cat-water-sports","9":"product_tag-day-tour","10":"product_tag-sal","11":"product_tag-water-sports","12":"wcpa_has_options","14":"first","15":"instock","16":"purchasable","17":"product-type-simple"},"acf":[],"_links":{"self":[{"href":"https:\/\/sodadetour.com\/pt\/wp-json\/wp\/v2\/product\/6739","targetHints":{"allow":["GET"]}}],"collection":[{"href":"https:\/\/sodadetour.com\/pt\/wp-json\/wp\/v2\/product"}],"about":[{"href":"https:\/\/sodadetour.com\/pt\/wp-json\/wp\/v2\/types\/product"}],"wp:featuredmedia":[{"embeddable":true,"href":"https:\/\/sodadetour.com\/pt\/wp-json\/wp\/v2\/media\/3255"}],"wp:attachment":[{"href":"https:\/\/sodadetour.com\/pt\/wp-json\/wp\/v2\/media?parent=6739"}],"wp:term":[{"taxonomy":"product_brand","embeddable":true,"href":"https:\/\/sodadetour.com\/pt\/wp-json\/wp\/v2\/product_brand?post=6739"},{"taxonomy":"product_cat","embeddable":true,"href":"https:\/\/sodadetour.com\/pt\/wp-json\/wp\/v2\/product_cat?post=6739"},{"taxonomy":"product_tag","embeddable":true,"href":"https:\/\/sodadetour.com\/pt\/wp-json\/wp\/v2\/product_tag?post=6739"}],"curies":[{"name":"wp","href":"https:\/\/api.w.org\/{rel}","templated":true}]}}