{"id":6735,"date":"2026-01-24T12:04:43","date_gmt":"2026-01-24T13:04:43","guid":{"rendered":"https:\/\/sodadetour.com\/product\/santo-antao-islandguided-ponta-do-sol-and-fontainhas-walking-tour\/"},"modified":"2026-02-02T01:23:36","modified_gmt":"2026-02-02T02:23:36","slug":"ilha-de-santo-antao-visita-guiada-a-ponta-do-sol-e-fontainhas","status":"publish","type":"product","link":"https:\/\/sodadetour.com\/pt\/produto\/ilha-de-santo-antao-visita-guiada-a-ponta-do-sol-e-fontainhas\/","title":{"rendered":"Ilha de Santo Ant\u00e3o: caminhada Ponta do Sol at\u00e9 Cruzinha"},"content":{"rendered":"<p>Descubra a Ponta do Sol, as Fontainhas, a Cruzinha e muito mais numa visita guiada com v\u00e1rias paragens, com op\u00e7\u00f5es privadas e partilhadas. Passeio com vista para o mar e paragem para um piquenique na praia.<\/p>","protected":false},"excerpt":{"rendered":"<p>Discover why National Geographic considers Fontainhas one of the world&#8217;s most beautiful villages on this stunning coastal hike from Ponta do Sol to Cruzinha. Follow a scenic road along rocky cliffs overlooking the ocean, pass through colorful villages perched on mountainsides, and enjoy a picnic on the black sand beach of Praia das Aranhas, where you might spot nesting turtles before continuing your adventure to the charming fishing village of Cruzinha.<\/p>","protected":false},"featured_media":3833,"template":"","meta":{"_acf_changed":false},"product_brand":[],"product_cat":[75,74,91,93],"product_tag":[79,78,92,94],"class_list":{"0":"post-6735","1":"product","2":"type-product","3":"status-publish","4":"has-post-thumbnail","6":"product_cat-adventure","7":"product_cat-day-tour","8":"product_cat-hiking","9":"product_cat-santo-antao","10":"product_tag-adventure","11":"product_tag-day-tour","12":"product_tag-hiking","13":"product_tag-santo-antao","14":"wcpa_has_options","16":"first","17":"instock","18":"purchasable","19":"product-type-simple"},"acf":[],"_links":{"self":[{"href":"https:\/\/sodadetour.com\/pt\/wp-json\/wp\/v2\/product\/6735","targetHints":{"allow":["GET"]}}],"collection":[{"href":"https:\/\/sodadetour.com\/pt\/wp-json\/wp\/v2\/product"}],"about":[{"href":"https:\/\/sodadetour.com\/pt\/wp-json\/wp\/v2\/types\/product"}],"wp:featuredmedia":[{"embeddable":true,"href":"https:\/\/sodadetour.com\/pt\/wp-json\/wp\/v2\/media\/3833"}],"wp:attachment":[{"href":"https:\/\/sodadetour.com\/pt\/wp-json\/wp\/v2\/media?parent=6735"}],"wp:term":[{"taxonomy":"product_brand","embeddable":true,"href":"https:\/\/sodadetour.com\/pt\/wp-json\/wp\/v2\/product_brand?post=6735"},{"taxonomy":"product_cat","embeddable":true,"href":"https:\/\/sodadetour.com\/pt\/wp-json\/wp\/v2\/product_cat?post=6735"},{"taxonomy":"product_tag","embeddable":true,"href":"https:\/\/sodadetour.com\/pt\/wp-json\/wp\/v2\/product_tag?post=6735"}],"curies":[{"name":"wp","href":"https:\/\/api.w.org\/{rel}","templated":true}]}}