{"id":6733,"date":"2026-01-28T17:38:57","date_gmt":"2026-01-28T18:38:57","guid":{"rendered":"https:\/\/sodadetour.com\/product\/santo-antao-island-hiking-to-corda-coculi-and-figueiral-de-cima\/"},"modified":"2026-02-02T01:23:36","modified_gmt":"2026-02-02T02:23:36","slug":"ilha-de-santo-antao-caminhadas-ate-corda-coculi-e-figueiral-de-cima","status":"publish","type":"product","link":"https:\/\/sodadetour.com\/pt\/produto\/ilha-de-santo-antao-caminhadas-ate-corda-coculi-e-figueiral-de-cima\/","title":{"rendered":"Ilha de Santo Ant\u00e3o: caminhadas at\u00e9 Corda, Coculi e Figueiral de Cima"},"content":{"rendered":"<p>Explore os impressionantes vales e florestas da ilha de Santo Ant\u00e3o nesta excurs\u00e3o a Corda, Coculi e Figueiral de Cima. Igualmente hist\u00f3ria e caminhadas.<\/p>","protected":false},"excerpt":{"rendered":"<p>Explore the interior of Santo Ant\u00e3o on this fascinating hiking tour that takes you from the impressive Cova Natural Park to remote villages and lush valleys. Discover the spectacular footprint of the Cova de Paul volcanic crater, walk through agricultural terraces, and visit the banks of the Ribeira Grande river in Coculi, where you&#8217;ll learn about this peculiar town and its surrounding natural beauty.<\/p>","protected":false},"featured_media":3850,"template":"","meta":{"_acf_changed":false},"product_brand":[],"product_cat":[75,88,74,91,93],"product_tag":[79,90,78,92,94],"class_list":{"0":"post-6733","1":"product","2":"type-product","3":"status-publish","4":"has-post-thumbnail","6":"product_cat-adventure","7":"product_cat-cultural","8":"product_cat-day-tour","9":"product_cat-hiking","10":"product_cat-santo-antao","11":"product_tag-adventure","12":"product_tag-cultural","13":"product_tag-day-tour","14":"product_tag-hiking","15":"product_tag-santo-antao","16":"wcpa_has_options","18":"first","19":"instock","20":"purchasable","21":"product-type-simple"},"acf":[],"_links":{"self":[{"href":"https:\/\/sodadetour.com\/pt\/wp-json\/wp\/v2\/product\/6733","targetHints":{"allow":["GET"]}}],"collection":[{"href":"https:\/\/sodadetour.com\/pt\/wp-json\/wp\/v2\/product"}],"about":[{"href":"https:\/\/sodadetour.com\/pt\/wp-json\/wp\/v2\/types\/product"}],"wp:featuredmedia":[{"embeddable":true,"href":"https:\/\/sodadetour.com\/pt\/wp-json\/wp\/v2\/media\/3850"}],"wp:attachment":[{"href":"https:\/\/sodadetour.com\/pt\/wp-json\/wp\/v2\/media?parent=6733"}],"wp:term":[{"taxonomy":"product_brand","embeddable":true,"href":"https:\/\/sodadetour.com\/pt\/wp-json\/wp\/v2\/product_brand?post=6733"},{"taxonomy":"product_cat","embeddable":true,"href":"https:\/\/sodadetour.com\/pt\/wp-json\/wp\/v2\/product_cat?post=6733"},{"taxonomy":"product_tag","embeddable":true,"href":"https:\/\/sodadetour.com\/pt\/wp-json\/wp\/v2\/product_tag?post=6733"}],"curies":[{"name":"wp","href":"https:\/\/api.w.org\/{rel}","templated":true}]}}