{"id":6730,"date":"2026-01-15T08:00:11","date_gmt":"2026-01-15T09:00:11","guid":{"rendered":"https:\/\/sodadetour.com\/product\/santiago-island-discover-the-island-in-a-full-day\/"},"modified":"2026-02-20T22:51:54","modified_gmt":"2026-02-20T23:51:54","slug":"ilha-de-santiago-descobrir-a-ilha-num-dia-inteiro","status":"publish","type":"product","link":"https:\/\/sodadetour.com\/pt\/produto\/ilha-de-santiago-descobrir-a-ilha-num-dia-inteiro\/","title":{"rendered":"Ilha de Santiago: Descubra a ilha em um dia inteiro"},"content":{"rendered":"<p>Este passeio pela ilha de Santiago lev\u00e1-lo-\u00e1 a descobrir o cora\u00e7\u00e3o de Cabo Verde. Visitaremos as aldeias de Assomada e Tarrafal e provaremos o grogue t\u00edpico.<\/p>","protected":false},"excerpt":{"rendered":"<p>Discover the heart of Santiago Island on this full-day tour that takes you from grogue tastings in small villages to the breathtaking summit of Pico de Ant\u00f3nia. Explore the vibrant market of Assomada, cross the Serra da Malagueta Natural Park, relax on the idyllic Tarrafal Beach, and learn about the poignant history of the former concentration camp at this most welcoming beach in Cape Verde.<\/p>","protected":false},"featured_media":6204,"template":"","meta":{"_acf_changed":false},"product_brand":[],"product_cat":[88,74,76,128,87],"product_tag":[90,78,80,89],"class_list":{"0":"post-6730","1":"product","2":"type-product","3":"status-publish","4":"has-post-thumbnail","6":"product_cat-cultural","7":"product_cat-day-tour","8":"product_cat-family","9":"product_cat-full-day-tours","10":"product_cat-santiago","11":"product_tag-cultural","12":"product_tag-day-tour","13":"product_tag-family","14":"product_tag-santiago","15":"wcpa_has_options","17":"first","18":"instock","19":"purchasable","20":"product-type-simple"},"acf":[],"_links":{"self":[{"href":"https:\/\/sodadetour.com\/pt\/wp-json\/wp\/v2\/product\/6730","targetHints":{"allow":["GET"]}}],"collection":[{"href":"https:\/\/sodadetour.com\/pt\/wp-json\/wp\/v2\/product"}],"about":[{"href":"https:\/\/sodadetour.com\/pt\/wp-json\/wp\/v2\/types\/product"}],"wp:featuredmedia":[{"embeddable":true,"href":"https:\/\/sodadetour.com\/pt\/wp-json\/wp\/v2\/media\/6204"}],"wp:attachment":[{"href":"https:\/\/sodadetour.com\/pt\/wp-json\/wp\/v2\/media?parent=6730"}],"wp:term":[{"taxonomy":"product_brand","embeddable":true,"href":"https:\/\/sodadetour.com\/pt\/wp-json\/wp\/v2\/product_brand?post=6730"},{"taxonomy":"product_cat","embeddable":true,"href":"https:\/\/sodadetour.com\/pt\/wp-json\/wp\/v2\/product_cat?post=6730"},{"taxonomy":"product_tag","embeddable":true,"href":"https:\/\/sodadetour.com\/pt\/wp-json\/wp\/v2\/product_tag?post=6730"}],"curies":[{"name":"wp","href":"https:\/\/api.w.org\/{rel}","templated":true}]}}