{"id":6729,"date":"2026-01-26T02:59:17","date_gmt":"2026-01-26T03:59:17","guid":{"rendered":"https:\/\/sodadetour.com\/product\/santiago-island-longueira-pico-de-antonia-and-monte-tchota-trek\/"},"modified":"2026-02-02T01:23:35","modified_gmt":"2026-02-02T02:23:35","slug":"santiago-island-longueira-pico-de-antonia-and-monte-tchota-trek","status":"publish","type":"product","link":"https:\/\/sodadetour.com\/pt\/produto\/santiago-island-longueira-pico-de-antonia-and-monte-tchota-trek\/","title":{"rendered":"Ilha de Santiago: caminhada at\u00e9 o Pico de Ant\u00f4nia"},"content":{"rendered":"<p>Admire a bela paisagem de Santiago neste passeio guiado. Suba at\u00e9 ao Pico de Ant\u00f3nia, a montanha mais alta da ilha, e depois explore a natureza intocada do Monte Tchota.<\/p>","protected":false},"excerpt":{"rendered":"<p>Challenge yourself with a rewarding hike to Pico de Ant\u00f3nia, the highest point on Santiago Island, where panoramic views of S\u00e3o Jorge Valley await. Along the way, visit a traditional grogue rum distillery, learn about local agricultural practices, and discover endemic plants and endangered birds in Monte Tchota nature park on this 5-hour adventure through diverse landscapes.<\/p>","protected":false},"featured_media":3322,"template":"","meta":{"_acf_changed":false},"product_brand":[],"product_cat":[75,74,91,87],"product_tag":[79,78,92,89],"class_list":{"0":"post-6729","1":"product","2":"type-product","3":"status-publish","4":"has-post-thumbnail","6":"product_cat-adventure","7":"product_cat-day-tour","8":"product_cat-hiking","9":"product_cat-santiago","10":"product_tag-adventure","11":"product_tag-day-tour","12":"product_tag-hiking","13":"product_tag-santiago","14":"wcpa_has_options","16":"first","17":"instock","18":"purchasable","19":"product-type-simple"},"acf":[],"_links":{"self":[{"href":"https:\/\/sodadetour.com\/pt\/wp-json\/wp\/v2\/product\/6729","targetHints":{"allow":["GET"]}}],"collection":[{"href":"https:\/\/sodadetour.com\/pt\/wp-json\/wp\/v2\/product"}],"about":[{"href":"https:\/\/sodadetour.com\/pt\/wp-json\/wp\/v2\/types\/product"}],"wp:featuredmedia":[{"embeddable":true,"href":"https:\/\/sodadetour.com\/pt\/wp-json\/wp\/v2\/media\/3322"}],"wp:attachment":[{"href":"https:\/\/sodadetour.com\/pt\/wp-json\/wp\/v2\/media?parent=6729"}],"wp:term":[{"taxonomy":"product_brand","embeddable":true,"href":"https:\/\/sodadetour.com\/pt\/wp-json\/wp\/v2\/product_brand?post=6729"},{"taxonomy":"product_cat","embeddable":true,"href":"https:\/\/sodadetour.com\/pt\/wp-json\/wp\/v2\/product_cat?post=6729"},{"taxonomy":"product_tag","embeddable":true,"href":"https:\/\/sodadetour.com\/pt\/wp-json\/wp\/v2\/product_tag?post=6729"}],"curies":[{"name":"wp","href":"https:\/\/api.w.org\/{rel}","templated":true}]}}