{"id":6724,"date":"2026-01-15T15:37:52","date_gmt":"2026-01-15T16:37:52","guid":{"rendered":"https:\/\/sodadetour.com\/product\/sal-island-private-tour-off-road-tour-4x4\/"},"modified":"2026-02-02T01:23:35","modified_gmt":"2026-02-02T02:23:35","slug":"ilha-do-sal-tour-privado-off-road-tour-4x4","status":"publish","type":"product","link":"https:\/\/sodadetour.com\/pt\/produto\/ilha-do-sal-tour-privado-off-road-tour-4x4\/","title":{"rendered":"Ilha do Sal: Passeio privado off road tour 4\u00d74"},"content":{"rendered":"<p>Em Buracona, poder\u00e1 contemplar o belo olho azul criado pela natureza, flutuar nas nascentes de \u00e1gua salgada, caminhar um pouco no mar e experimentar os tubar\u00f5es-lim\u00e3o a nadar entre as suas pernas!<\/p>","protected":false},"excerpt":{"rendered":"<p>Discover the authentic side of Sal Island on this comprehensive full-day tour that showcases the island&#8217;s diverse landscapes and cultural highlights. From the windsurfing championships at Ponta Preta to the floating experience at Pedra de Lume&#8217;s salt pans and the lemon sharks at Shark Bay, you&#8217;ll experience the true essence of Cape Verde with stops at hidden gems and panoramic viewpoints.<\/p>","protected":false},"featured_media":3153,"template":"","meta":{"_acf_changed":false},"product_brand":[],"product_cat":[75,74,73],"product_tag":[79,78,77],"class_list":{"0":"post-6724","1":"product","2":"type-product","3":"status-publish","4":"has-post-thumbnail","6":"product_cat-adventure","7":"product_cat-day-tour","8":"product_cat-sal","9":"product_tag-adventure","10":"product_tag-day-tour","11":"product_tag-sal","12":"wcpa_has_options","14":"first","15":"instock","16":"purchasable","17":"product-type-simple"},"acf":[],"_links":{"self":[{"href":"https:\/\/sodadetour.com\/pt\/wp-json\/wp\/v2\/product\/6724","targetHints":{"allow":["GET"]}}],"collection":[{"href":"https:\/\/sodadetour.com\/pt\/wp-json\/wp\/v2\/product"}],"about":[{"href":"https:\/\/sodadetour.com\/pt\/wp-json\/wp\/v2\/types\/product"}],"wp:featuredmedia":[{"embeddable":true,"href":"https:\/\/sodadetour.com\/pt\/wp-json\/wp\/v2\/media\/3153"}],"wp:attachment":[{"href":"https:\/\/sodadetour.com\/pt\/wp-json\/wp\/v2\/media?parent=6724"}],"wp:term":[{"taxonomy":"product_brand","embeddable":true,"href":"https:\/\/sodadetour.com\/pt\/wp-json\/wp\/v2\/product_brand?post=6724"},{"taxonomy":"product_cat","embeddable":true,"href":"https:\/\/sodadetour.com\/pt\/wp-json\/wp\/v2\/product_cat?post=6724"},{"taxonomy":"product_tag","embeddable":true,"href":"https:\/\/sodadetour.com\/pt\/wp-json\/wp\/v2\/product_tag?post=6724"}],"curies":[{"name":"wp","href":"https:\/\/api.w.org\/{rel}","templated":true}]}}