{"id":6721,"date":"2026-01-25T20:04:48","date_gmt":"2026-01-25T21:04:48","guid":{"rendered":"https:\/\/sodadetour.com\/product\/sal-island-sport-fishing-half-day-4-hours\/"},"modified":"2026-02-02T01:23:34","modified_gmt":"2026-02-02T02:23:34","slug":"pesca-desportiva-na-ilha-do-sal-meio-dia-4-horas","status":"publish","type":"product","link":"https:\/\/sodadetour.com\/pt\/produto\/pesca-desportiva-na-ilha-do-sal-meio-dia-4-horas\/","title":{"rendered":"Ilha do Sal: pesca desportiva meio dia 4 horas"},"content":{"rendered":"<p>A costa da ilha do Sal, no arquip\u00e9lago de Cabo Verde, \u00e9 o habitat de uma grande variedade de esp\u00e9cies. Pode desfrutar de um passeio de barco e aprender a pescar nesta parte deslumbrante do Oceano Atl\u00e2ntico.<\/p>","protected":false},"excerpt":{"rendered":"<p>Embark on an exciting fishing adventure in the Atlantic waters off Sal Island, where you&#8217;ll learn the art of trolling from expert crew members. Target impressive species like marlin, tuna, and barracuda aboard a comfortable fishing boat, with all equipment provided and the chance to reel in your big catch after four hours on the water.<\/p>","protected":false},"featured_media":3170,"template":"","meta":{"_acf_changed":false},"product_brand":[],"product_cat":[74,84,73,83],"product_tag":[78,86,77,85],"class_list":{"0":"post-6721","1":"product","2":"type-product","3":"status-publish","4":"has-post-thumbnail","6":"product_cat-day-tour","7":"product_cat-fishing","8":"product_cat-sal","9":"product_cat-water-sports","10":"product_tag-day-tour","11":"product_tag-fishing","12":"product_tag-sal","13":"product_tag-water-sports","14":"wcpa_has_options","16":"first","17":"instock","18":"product-type-simple"},"acf":[],"_links":{"self":[{"href":"https:\/\/sodadetour.com\/pt\/wp-json\/wp\/v2\/product\/6721","targetHints":{"allow":["GET"]}}],"collection":[{"href":"https:\/\/sodadetour.com\/pt\/wp-json\/wp\/v2\/product"}],"about":[{"href":"https:\/\/sodadetour.com\/pt\/wp-json\/wp\/v2\/types\/product"}],"wp:featuredmedia":[{"embeddable":true,"href":"https:\/\/sodadetour.com\/pt\/wp-json\/wp\/v2\/media\/3170"}],"wp:attachment":[{"href":"https:\/\/sodadetour.com\/pt\/wp-json\/wp\/v2\/media?parent=6721"}],"wp:term":[{"taxonomy":"product_brand","embeddable":true,"href":"https:\/\/sodadetour.com\/pt\/wp-json\/wp\/v2\/product_brand?post=6721"},{"taxonomy":"product_cat","embeddable":true,"href":"https:\/\/sodadetour.com\/pt\/wp-json\/wp\/v2\/product_cat?post=6721"},{"taxonomy":"product_tag","embeddable":true,"href":"https:\/\/sodadetour.com\/pt\/wp-json\/wp\/v2\/product_tag?post=6721"}],"curies":[{"name":"wp","href":"https:\/\/api.w.org\/{rel}","templated":true}]}}