{"id":6720,"date":"2026-01-21T02:21:32","date_gmt":"2026-01-21T03:21:32","guid":{"rendered":"https:\/\/sodadetour.com\/product\/enjoy-an-unforgettable-day-on-sal-island-with-our-half-day-excursion-to-shark-bay-and-salinas\/"},"modified":"2026-02-02T01:23:34","modified_gmt":"2026-02-02T02:23:34","slug":"desfrute-de-um-dia-inesquecivel-na-ilha-do-sal-com-a-nossa-excursao-de-meio-dia-a-baia-dos-tubaroes-e-as-salinas","status":"publish","type":"product","link":"https:\/\/sodadetour.com\/pt\/produto\/desfrute-de-um-dia-inesquecivel-na-ilha-do-sal-com-a-nossa-excursao-de-meio-dia-a-baia-dos-tubaroes-e-as-salinas\/","title":{"rendered":"Ilha do Sal: Tour Privado para Observa\u00e7\u00e3o de Tubar\u00f5es e Lago Salgado"},"content":{"rendered":"<p><span style=\"vertical-align: inherit;\"><span style=\"vertical-align: inherit;\">Desfrute de um <\/span><\/span><strong><span style=\"vertical-align: inherit;\"><span style=\"vertical-align: inherit;\">dia inesquec\u00edvel em <\/span><\/span><span style=\"vertical-align: inherit;\"><span style=\"vertical-align: inherit;\">Ilha do Sal com a nossa excurs\u00e3o de meio dia <\/span><\/span><span style=\"vertical-align: inherit;\"><span style=\"vertical-align: inherit;\">para <\/span><\/span><span style=\"vertical-align: inherit;\"><span style=\"vertical-align: inherit;\">Ba\u00eda de Shark e Salinas <\/span><\/span><span style=\"vertical-align: inherit;\"><span style=\"vertical-align: inherit;\">.<\/span><\/span><\/strong><span style=\"vertical-align: inherit;\"><span style=\"vertical-align: inherit;\"> Veja os tubar\u00f5es-lim\u00e3o no seu habitat natural e aprenda sobre eles. Tamb\u00e9m os vai conhecer e divertir-se a flutuar no mar. <\/span><\/span><strong><span style=\"vertical-align: inherit;\"><span style=\"vertical-align: inherit;\">Pedra de Lume<\/span><\/span><\/strong><span style=\"vertical-align: inherit;\"><span style=\"vertical-align: inherit;\"> .<\/span><\/span><\/p>","protected":false},"excerpt":{"rendered":"<p>Combine two of Sal&#8217;s most incredible experiences in one half-day adventure: swimming with lemon sharks and floating in the hypersaline waters of Pedra de Lume. With expert guides ensuring your safety and comfort, you&#8217;ll enjoy close encounters with marine life and learn about the fascinating history of Cape Verde&#8217;s salt production.<\/p>","protected":false},"featured_media":2534,"template":"","meta":{"_acf_changed":false},"product_brand":[],"product_cat":[75,74,73,81],"product_tag":[79,78,77,82],"class_list":{"0":"post-6720","1":"product","2":"type-product","3":"status-publish","4":"has-post-thumbnail","6":"product_cat-adventure","7":"product_cat-day-tour","8":"product_cat-sal","9":"product_cat-wildlife","10":"product_tag-adventure","11":"product_tag-day-tour","12":"product_tag-sal","13":"product_tag-wildlife","14":"wcpa_has_options","16":"first","17":"instock","18":"purchasable","19":"product-type-simple"},"acf":[],"_links":{"self":[{"href":"https:\/\/sodadetour.com\/pt\/wp-json\/wp\/v2\/product\/6720","targetHints":{"allow":["GET"]}}],"collection":[{"href":"https:\/\/sodadetour.com\/pt\/wp-json\/wp\/v2\/product"}],"about":[{"href":"https:\/\/sodadetour.com\/pt\/wp-json\/wp\/v2\/types\/product"}],"wp:featuredmedia":[{"embeddable":true,"href":"https:\/\/sodadetour.com\/pt\/wp-json\/wp\/v2\/media\/2534"}],"wp:attachment":[{"href":"https:\/\/sodadetour.com\/pt\/wp-json\/wp\/v2\/media?parent=6720"}],"wp:term":[{"taxonomy":"product_brand","embeddable":true,"href":"https:\/\/sodadetour.com\/pt\/wp-json\/wp\/v2\/product_brand?post=6720"},{"taxonomy":"product_cat","embeddable":true,"href":"https:\/\/sodadetour.com\/pt\/wp-json\/wp\/v2\/product_cat?post=6720"},{"taxonomy":"product_tag","embeddable":true,"href":"https:\/\/sodadetour.com\/pt\/wp-json\/wp\/v2\/product_tag?post=6720"}],"curies":[{"name":"wp","href":"https:\/\/api.w.org\/{rel}","templated":true}]}}