{"id":6815,"date":"2026-01-16T04:15:20","date_gmt":"2026-01-16T05:15:20","guid":{"rendered":"https:\/\/sodadetour.com\/product\/cape-verde-sao-vicente-and-santo-antao-2\/"},"modified":"2026-02-02T01:23:54","modified_gmt":"2026-02-02T02:23:54","slug":"capo-verde-sao-vicente-e-santo-antao-2","status":"publish","type":"product","link":"https:\/\/sodadetour.com\/it\/prodotto\/capo-verde-sao-vicente-e-santo-antao-2\/","title":{"rendered":"Capo Verde: Sao Vicente e Santo Antao"},"content":{"rendered":"<p>Unitevi al nostro tour di cinque giorni ed esplorate la bellezza delle isole di Capo Verde, Sao Vicente e Santo Antao. Esplorate la vivace citt\u00e0 di Mindelo e lasciatevi incantare dal ritmo della morna, la musica tradizionale dell'Sao Vicente. La gita in barca a vela, il bagno rilassante e lo snorkeling nelle spiagge di Santo Antao vi porteranno al piacere del relax, mentre una piccola escursione al vulcano Cave riempir\u00e0 la vostra vista di spettacolari panorami. Questa vibrazione africana con influenze europee far\u00e0 vibrare i vostri sensi e vi lascer\u00e0 un momento memorabile per tutta la vita.<\/p>","protected":false},"excerpt":{"rendered":"<p>Join our five-day tour and explore the beauty of Cape Verde\u00b4s islands, Sao Vicente and Santo Antao. Explore the vibrant city of Mindelo and get tendered by the rhythm of morna, traditional music of Sao Vicente. The sailing trip, relaxing bath and snorkel in the beaches of Santo Antao will take you to the pleasure [&hellip;]<\/p>\n","protected":false},"featured_media":3748,"template":"","meta":{"_acf_changed":false},"product_brand":[],"product_cat":[75,88,91,97,93,95,83],"product_tag":[79,90,92,98,94,96,85],"class_list":{"0":"post-6815","1":"product","2":"type-product","3":"status-publish","4":"has-post-thumbnail","6":"product_cat-adventure","7":"product_cat-cultural","8":"product_cat-hiking","9":"product_cat-multi-day","10":"product_cat-santo-antao","11":"product_cat-sao-vicente","12":"product_cat-water-sports","13":"product_tag-adventure","14":"product_tag-cultural","15":"product_tag-hiking","16":"product_tag-multi-day","17":"product_tag-santo-antao","18":"product_tag-sao-vicente","19":"product_tag-water-sports","20":"wcpa_has_options","22":"first","23":"instock","24":"purchasable","25":"product-type-simple"},"acf":[],"_links":{"self":[{"href":"https:\/\/sodadetour.com\/it\/wp-json\/wp\/v2\/product\/6815","targetHints":{"allow":["GET"]}}],"collection":[{"href":"https:\/\/sodadetour.com\/it\/wp-json\/wp\/v2\/product"}],"about":[{"href":"https:\/\/sodadetour.com\/it\/wp-json\/wp\/v2\/types\/product"}],"wp:featuredmedia":[{"embeddable":true,"href":"https:\/\/sodadetour.com\/it\/wp-json\/wp\/v2\/media\/3748"}],"wp:attachment":[{"href":"https:\/\/sodadetour.com\/it\/wp-json\/wp\/v2\/media?parent=6815"}],"wp:term":[{"taxonomy":"product_brand","embeddable":true,"href":"https:\/\/sodadetour.com\/it\/wp-json\/wp\/v2\/product_brand?post=6815"},{"taxonomy":"product_cat","embeddable":true,"href":"https:\/\/sodadetour.com\/it\/wp-json\/wp\/v2\/product_cat?post=6815"},{"taxonomy":"product_tag","embeddable":true,"href":"https:\/\/sodadetour.com\/it\/wp-json\/wp\/v2\/product_tag?post=6815"}],"curies":[{"name":"wp","href":"https:\/\/api.w.org\/{rel}","templated":true}]}}