{"id":6812,"date":"2026-01-25T14:03:17","date_gmt":"2026-01-25T15:03:17","guid":{"rendered":"https:\/\/sodadetour.com\/product\/cape-verde-mixed-trails\/"},"modified":"2026-02-02T01:23:53","modified_gmt":"2026-02-02T02:23:53","slug":"sentieri-misti-di-capo-verde","status":"publish","type":"product","link":"https:\/\/sodadetour.com\/it\/prodotto\/sentieri-misti-di-capo-verde\/","title":{"rendered":"Capo Verde: il salto dell'isola"},"content":{"rendered":"<p>Visite, degustazioni, tunnel di lava e notte di capoeira! Sognate di attraversare la verdeggiante Valle de Paul sull'isola di Santo Ant\u00e3o, di esplorare il vulcano Fogo e la sua caldera lunare, di scoprire i colorati mercati di Santiago e di passeggiare nella citt\u00e0 degli artisti di Mindelo? Non c'\u00e8 bisogno di scegliere! Abbiamo progettato un viaggio che riunisce le quattro isole pi\u00f9 suggestive di Capo Verde, un vero e proprio riassunto dei paesaggi variegati, dei sentieri pi\u00f9 belli e degli ambienti caldi che caratterizzano l'arcipelago. L'ascesa al vulcano Pico de Fogo, offerta come opzione in questo viaggio, offre anche la possibilit\u00e0 di realizzare una piccola sfida personale accessibile! Un viaggio ricco di passeggiate, ma anche di scoperte e incontri.<\/p>","protected":false},"excerpt":{"rendered":"<p>Visits, tastings, lava tunnelling and capoeira night! Do you dream of crossing the verdant Valle de Paul on the island of Santo Ant\u00e3o, exploring volcanic Fogo and its lunar caldera, discovering the colourful markets of Santiago and strolling through the artists&#8217; city of Mindelo? There&#8217;s no need to choose! We&#8217;ve designed a trip that brings [&hellip;]<\/p>\n","protected":false},"featured_media":2915,"template":"","meta":{"_acf_changed":false},"product_brand":[],"product_cat":[75,88,101,91,97,87,93,95],"product_tag":[79,90,102,92,98,89,94,96],"class_list":{"0":"post-6812","1":"product","2":"type-product","3":"status-publish","4":"has-post-thumbnail","6":"product_cat-adventure","7":"product_cat-cultural","8":"product_cat-fogo","9":"product_cat-hiking","10":"product_cat-multi-day","11":"product_cat-santiago","12":"product_cat-santo-antao","13":"product_cat-sao-vicente","14":"product_tag-adventure","15":"product_tag-cultural","16":"product_tag-fogo","17":"product_tag-hiking","18":"product_tag-multi-day","19":"product_tag-santiago","20":"product_tag-santo-antao","21":"product_tag-sao-vicente","22":"wcpa_has_options","24":"first","25":"instock","26":"purchasable","27":"product-type-simple"},"acf":[],"_links":{"self":[{"href":"https:\/\/sodadetour.com\/it\/wp-json\/wp\/v2\/product\/6812","targetHints":{"allow":["GET"]}}],"collection":[{"href":"https:\/\/sodadetour.com\/it\/wp-json\/wp\/v2\/product"}],"about":[{"href":"https:\/\/sodadetour.com\/it\/wp-json\/wp\/v2\/types\/product"}],"wp:featuredmedia":[{"embeddable":true,"href":"https:\/\/sodadetour.com\/it\/wp-json\/wp\/v2\/media\/2915"}],"wp:attachment":[{"href":"https:\/\/sodadetour.com\/it\/wp-json\/wp\/v2\/media?parent=6812"}],"wp:term":[{"taxonomy":"product_brand","embeddable":true,"href":"https:\/\/sodadetour.com\/it\/wp-json\/wp\/v2\/product_brand?post=6812"},{"taxonomy":"product_cat","embeddable":true,"href":"https:\/\/sodadetour.com\/it\/wp-json\/wp\/v2\/product_cat?post=6812"},{"taxonomy":"product_tag","embeddable":true,"href":"https:\/\/sodadetour.com\/it\/wp-json\/wp\/v2\/product_tag?post=6812"}],"curies":[{"name":"wp","href":"https:\/\/api.w.org\/{rel}","templated":true}]}}