{"id":6809,"date":"2026-01-27T03:50:10","date_gmt":"2026-01-27T04:50:10","guid":{"rendered":"https:\/\/sodadetour.com\/product\/santo-antao-4-night-5-days-walking-tour\/"},"modified":"2026-02-02T01:23:53","modified_gmt":"2026-02-02T02:23:53","slug":"santo-antao-4-night-5-days-walking-tour","status":"publish","type":"product","link":"https:\/\/sodadetour.com\/it\/prodotto\/santo-antao-4-night-5-days-walking-tour\/","title":{"rendered":"Santo Antao: 4 notti\/5 giorni - tour a piedi"},"content":{"rendered":"<p>L'unico viaggio che permette di scoprire tutte le sfaccettature della generosa e contrastante Santo Ant\u00e3o in una sola settimana! Le passeggiate conducono alle valli tropicali del nord-est, fiancheggiate da banani, canne da zucchero e alberi di mango, e poi ai paesaggi lunari dell'arido centro, dove l'eredit\u00e0 vulcanica dell'isola si rivela a colori.<\/p>","protected":false},"excerpt":{"rendered":"<p>Experience the reception in Fogo and visit to the city of S\u00e3o Filipe, where you&#8217;ll explore the &#8220;Sobrados&#8221; and stroll around the small town full of colonial houses and almost tropical colors. Get to know the town at the small Municipal Museum, where the simplicity of the objects on display depict local history, and finally head inland to the small villages of Achada Furna and Cabe\u00e7a Fund\u00e3o before getting to know the story of the inhabitants of Ch\u00e3 das Caldeiras National Park.<\/p>","protected":false},"featured_media":2895,"template":"","meta":{"_acf_changed":false},"product_brand":[],"product_cat":[75,91,97,93],"product_tag":[79,92,98,94],"class_list":{"0":"post-6809","1":"product","2":"type-product","3":"status-publish","4":"has-post-thumbnail","6":"product_cat-adventure","7":"product_cat-hiking","8":"product_cat-multi-day","9":"product_cat-santo-antao","10":"product_tag-adventure","11":"product_tag-hiking","12":"product_tag-multi-day","13":"product_tag-santo-antao","14":"wcpa_has_options","16":"first","17":"instock","18":"purchasable","19":"product-type-simple"},"acf":[],"_links":{"self":[{"href":"https:\/\/sodadetour.com\/it\/wp-json\/wp\/v2\/product\/6809","targetHints":{"allow":["GET"]}}],"collection":[{"href":"https:\/\/sodadetour.com\/it\/wp-json\/wp\/v2\/product"}],"about":[{"href":"https:\/\/sodadetour.com\/it\/wp-json\/wp\/v2\/types\/product"}],"wp:featuredmedia":[{"embeddable":true,"href":"https:\/\/sodadetour.com\/it\/wp-json\/wp\/v2\/media\/2895"}],"wp:attachment":[{"href":"https:\/\/sodadetour.com\/it\/wp-json\/wp\/v2\/media?parent=6809"}],"wp:term":[{"taxonomy":"product_brand","embeddable":true,"href":"https:\/\/sodadetour.com\/it\/wp-json\/wp\/v2\/product_brand?post=6809"},{"taxonomy":"product_cat","embeddable":true,"href":"https:\/\/sodadetour.com\/it\/wp-json\/wp\/v2\/product_cat?post=6809"},{"taxonomy":"product_tag","embeddable":true,"href":"https:\/\/sodadetour.com\/it\/wp-json\/wp\/v2\/product_tag?post=6809"}],"curies":[{"name":"wp","href":"https:\/\/api.w.org\/{rel}","templated":true}]}}