{"id":6799,"date":"2026-01-22T10:31:39","date_gmt":"2026-01-22T11:31:39","guid":{"rendered":"https:\/\/sodadetour.com\/product\/sal-island-city-tour-espargos\/"},"modified":"2026-02-02T01:23:51","modified_gmt":"2026-02-02T02:23:51","slug":"sal-island-city-tour-espargos","status":"publish","type":"product","link":"https:\/\/sodadetour.com\/it\/prodotto\/sal-island-city-tour-espargos\/","title":{"rendered":"Isola di Sal: visita della citt\u00e0 Espargos"},"content":{"rendered":"<p>Un tour alla scoperta della citt\u00e0 di Espargos, dove visiterete le principali attrazioni turistiche della citt\u00e0 e assaggerete alcuni piatti della cucina nazionale.<\/p>","protected":false},"excerpt":{"rendered":"<p>Learn to make one of the most traditional and popular dishes of Cape Verde, cachupa, on this culinary adventure where a driver from the hotel will take you to a local restaurant. Meet a professional chef with many years of experience who will guide you through the experience of preparing this emblematic dish that mixes corn, beans, and a protein of your choice\u2014meat or fish\u2014using a recipe that is easy to reproduce at home, bringing the cuisine of Cape Verde to your kitchen.<\/p>","protected":false},"featured_media":2866,"template":"","meta":{"_acf_changed":false},"product_brand":[],"product_cat":[88,74,73],"product_tag":[90,78,77],"class_list":{"0":"post-6799","1":"product","2":"type-product","3":"status-publish","4":"has-post-thumbnail","6":"product_cat-cultural","7":"product_cat-day-tour","8":"product_cat-sal","9":"product_tag-cultural","10":"product_tag-day-tour","11":"product_tag-sal","12":"wcpa_has_options","14":"first","15":"instock","16":"purchasable","17":"product-type-simple"},"acf":[],"_links":{"self":[{"href":"https:\/\/sodadetour.com\/it\/wp-json\/wp\/v2\/product\/6799","targetHints":{"allow":["GET"]}}],"collection":[{"href":"https:\/\/sodadetour.com\/it\/wp-json\/wp\/v2\/product"}],"about":[{"href":"https:\/\/sodadetour.com\/it\/wp-json\/wp\/v2\/types\/product"}],"wp:featuredmedia":[{"embeddable":true,"href":"https:\/\/sodadetour.com\/it\/wp-json\/wp\/v2\/media\/2866"}],"wp:attachment":[{"href":"https:\/\/sodadetour.com\/it\/wp-json\/wp\/v2\/media?parent=6799"}],"wp:term":[{"taxonomy":"product_brand","embeddable":true,"href":"https:\/\/sodadetour.com\/it\/wp-json\/wp\/v2\/product_brand?post=6799"},{"taxonomy":"product_cat","embeddable":true,"href":"https:\/\/sodadetour.com\/it\/wp-json\/wp\/v2\/product_cat?post=6799"},{"taxonomy":"product_tag","embeddable":true,"href":"https:\/\/sodadetour.com\/it\/wp-json\/wp\/v2\/product_tag?post=6799"}],"curies":[{"name":"wp","href":"https:\/\/api.w.org\/{rel}","templated":true}]}}