{"id":6787,"date":"2026-01-28T05:43:47","date_gmt":"2026-01-28T06:43:47","guid":{"rendered":"https:\/\/sodadetour.com\/product\/sal-island-city-tour-plus-tasting\/"},"modified":"2026-02-02T01:23:48","modified_gmt":"2026-02-02T02:23:48","slug":"sal-island-city-tour-plus-tasting","status":"publish","type":"product","link":"https:\/\/sodadetour.com\/it\/prodotto\/sal-island-city-tour-plus-tasting\/","title":{"rendered":"Isola di Sal: visita della citt\u00e0 e degustazione"},"content":{"rendered":"<p>Un tour alla scoperta della citt\u00e0 di Santa Maria, dove visiterete le principali attrazioni turistiche della citt\u00e0 e assaggerete alcuni piatti della cucina nazionale.<\/p>","protected":false},"excerpt":{"rendered":"<p>This hike is ideal for individuals who appreciate volcanic landscapes, offering an excellent opportunity to witness the results of various eruptions that have created fantastic formations of basalt rocks and deep canyons of unique beauty. Starting at Alto Mira and going through Forquinha, you&#8217;ll enjoy an impressive panorama of both Alto Mira and Ribeira das Patas before the hike heads down to Ribeira das Patas, where you can glimpse the daily lives of the locals and the volcanic black sand that forms the earth.<\/p>","protected":false},"featured_media":3336,"template":"","meta":{"_acf_changed":false},"product_brand":[],"product_cat":[88,74,73],"product_tag":[90,78,77],"class_list":{"0":"post-6787","1":"product","2":"type-product","3":"status-publish","4":"has-post-thumbnail","6":"product_cat-cultural","7":"product_cat-day-tour","8":"product_cat-sal","9":"product_tag-cultural","10":"product_tag-day-tour","11":"product_tag-sal","12":"wcpa_has_options","14":"first","15":"instock","16":"purchasable","17":"product-type-simple"},"acf":[],"_links":{"self":[{"href":"https:\/\/sodadetour.com\/it\/wp-json\/wp\/v2\/product\/6787","targetHints":{"allow":["GET"]}}],"collection":[{"href":"https:\/\/sodadetour.com\/it\/wp-json\/wp\/v2\/product"}],"about":[{"href":"https:\/\/sodadetour.com\/it\/wp-json\/wp\/v2\/types\/product"}],"wp:featuredmedia":[{"embeddable":true,"href":"https:\/\/sodadetour.com\/it\/wp-json\/wp\/v2\/media\/3336"}],"wp:attachment":[{"href":"https:\/\/sodadetour.com\/it\/wp-json\/wp\/v2\/media?parent=6787"}],"wp:term":[{"taxonomy":"product_brand","embeddable":true,"href":"https:\/\/sodadetour.com\/it\/wp-json\/wp\/v2\/product_brand?post=6787"},{"taxonomy":"product_cat","embeddable":true,"href":"https:\/\/sodadetour.com\/it\/wp-json\/wp\/v2\/product_cat?post=6787"},{"taxonomy":"product_tag","embeddable":true,"href":"https:\/\/sodadetour.com\/it\/wp-json\/wp\/v2\/product_tag?post=6787"}],"curies":[{"name":"wp","href":"https:\/\/api.w.org\/{rel}","templated":true}]}}