{"id":6772,"date":"2026-01-19T10:41:41","date_gmt":"2026-01-19T11:41:41","guid":{"rendered":"https:\/\/sodadetour.com\/product\/boavista-island-sal-rei-city-tour\/"},"modified":"2026-02-02T01:23:44","modified_gmt":"2026-02-02T02:23:44","slug":"boavista-island-sal-rei-city-tour","status":"publish","type":"product","link":"https:\/\/sodadetour.com\/it\/prodotto\/boavista-island-sal-rei-city-tour\/","title":{"rendered":"Isola di Boavista: Visita della citt\u00e0 di Sal Rei"},"content":{"rendered":"<p>Avete voglia di immergervi ancora di pi\u00f9 nella cultura e nello stile di vita capoverdiani? Se \u00e8 cos\u00ec, questo tour della citt\u00e0 \u00e8 proprio quello che fa per voi.<\/p>","protected":false},"excerpt":{"rendered":"<p>Experience the diverse ecosystems of Santiago on this scenic hike that takes you from majestic mountains to the renowned Serra Malagueta Natural Park. Accompanied by an expert guide, discover the incredible diversity of flora and fauna, including more than 124 species of plants and 19 species of birds, while learning about sustainable initiatives implemented to preserve this precious ecosystem, before concluding with a relaxing visit to picturesque Tarrafal Beach.<\/p>","protected":false},"featured_media":3494,"template":"","meta":{"_acf_changed":false},"product_brand":[],"product_cat":[103,88,74],"product_tag":[104,90,78],"class_list":{"0":"post-6772","1":"product","2":"type-product","3":"status-publish","4":"has-post-thumbnail","6":"product_cat-boa-vista","7":"product_cat-cultural","8":"product_cat-day-tour","9":"product_tag-boa-vista","10":"product_tag-cultural","11":"product_tag-day-tour","12":"wcpa_has_options","14":"first","15":"instock","16":"purchasable","17":"product-type-simple"},"acf":[],"_links":{"self":[{"href":"https:\/\/sodadetour.com\/it\/wp-json\/wp\/v2\/product\/6772","targetHints":{"allow":["GET"]}}],"collection":[{"href":"https:\/\/sodadetour.com\/it\/wp-json\/wp\/v2\/product"}],"about":[{"href":"https:\/\/sodadetour.com\/it\/wp-json\/wp\/v2\/types\/product"}],"wp:featuredmedia":[{"embeddable":true,"href":"https:\/\/sodadetour.com\/it\/wp-json\/wp\/v2\/media\/3494"}],"wp:attachment":[{"href":"https:\/\/sodadetour.com\/it\/wp-json\/wp\/v2\/media?parent=6772"}],"wp:term":[{"taxonomy":"product_brand","embeddable":true,"href":"https:\/\/sodadetour.com\/it\/wp-json\/wp\/v2\/product_brand?post=6772"},{"taxonomy":"product_cat","embeddable":true,"href":"https:\/\/sodadetour.com\/it\/wp-json\/wp\/v2\/product_cat?post=6772"},{"taxonomy":"product_tag","embeddable":true,"href":"https:\/\/sodadetour.com\/it\/wp-json\/wp\/v2\/product_tag?post=6772"}],"curies":[{"name":"wp","href":"https:\/\/api.w.org\/{rel}","templated":true}]}}