{"id":6751,"date":"2026-01-29T23:40:34","date_gmt":"2026-01-30T00:40:34","guid":{"rendered":"https:\/\/sodadetour.com\/product\/fogo-island-day-trip-to-the-coffee-plantation-and-natural-pools\/"},"modified":"2026-02-02T01:23:40","modified_gmt":"2026-02-02T02:23:40","slug":"fogo-island-day-trip-to-the-coffee-plantation-and-natural-pools","status":"publish","type":"product","link":"https:\/\/sodadetour.com\/it\/prodotto\/fogo-island-day-trip-to-the-coffee-plantation-and-natural-pools\/","title":{"rendered":"Isola Fogo: escursione giornaliera alla piantagione di caff\u00e8 e alle piscine naturali"},"content":{"rendered":"<p>Esplorate l'isola di Fogo in questa gita di un giorno da S\u00e3o Filipe. Immergetevi nella storia locale nel villaggio di Cova Figueira, visitate una piantagione di caff\u00e8 a Mosteiros e fate un tuffo nella migliore piscina naturale dell'isola.<\/p>","protected":false},"excerpt":{"rendered":"<p>Experience the natural beauty of Fogo Island on this day trip that takes you from the coastal village of Cova Figueira to an award-winning organic coffee plantation in Mosteiros. Learn about coffee cultivation developed on the island, walk along lava flows created during the 1951 volcanic eruption, enjoy lunch at a local restaurant, and finish with a refreshing dip in the natural pools of Salinas de San Jos\u00e9.<\/p>","protected":false},"featured_media":3737,"template":"","meta":{"_acf_changed":false},"product_brand":[],"product_cat":[75,88,74,101],"product_tag":[79,90,78,102],"class_list":{"0":"post-6751","1":"product","2":"type-product","3":"status-publish","4":"has-post-thumbnail","6":"product_cat-adventure","7":"product_cat-cultural","8":"product_cat-day-tour","9":"product_cat-fogo","10":"product_tag-adventure","11":"product_tag-cultural","12":"product_tag-day-tour","13":"product_tag-fogo","14":"wcpa_has_options","16":"first","17":"instock","18":"purchasable","19":"product-type-simple"},"acf":[],"_links":{"self":[{"href":"https:\/\/sodadetour.com\/it\/wp-json\/wp\/v2\/product\/6751","targetHints":{"allow":["GET"]}}],"collection":[{"href":"https:\/\/sodadetour.com\/it\/wp-json\/wp\/v2\/product"}],"about":[{"href":"https:\/\/sodadetour.com\/it\/wp-json\/wp\/v2\/types\/product"}],"wp:featuredmedia":[{"embeddable":true,"href":"https:\/\/sodadetour.com\/it\/wp-json\/wp\/v2\/media\/3737"}],"wp:attachment":[{"href":"https:\/\/sodadetour.com\/it\/wp-json\/wp\/v2\/media?parent=6751"}],"wp:term":[{"taxonomy":"product_brand","embeddable":true,"href":"https:\/\/sodadetour.com\/it\/wp-json\/wp\/v2\/product_brand?post=6751"},{"taxonomy":"product_cat","embeddable":true,"href":"https:\/\/sodadetour.com\/it\/wp-json\/wp\/v2\/product_cat?post=6751"},{"taxonomy":"product_tag","embeddable":true,"href":"https:\/\/sodadetour.com\/it\/wp-json\/wp\/v2\/product_tag?post=6751"}],"curies":[{"name":"wp","href":"https:\/\/api.w.org\/{rel}","templated":true}]}}