{"id":6816,"date":"2026-01-18T11:21:45","date_gmt":"2026-01-18T12:21:45","guid":{"rendered":"https:\/\/sodadetour.com\/product\/essence-of-sao-vicente-and-santo-antao-4-days-3-nights\/"},"modified":"2026-02-02T01:23:55","modified_gmt":"2026-02-02T02:23:55","slug":"essence-of-sao-vicente-and-santo-antao-4-days-3-nights","status":"publish","type":"product","link":"https:\/\/sodadetour.com\/fr\/produit\/essence-of-sao-vicente-and-santo-antao-4-days-3-nights\/","title":{"rendered":"Essence of S\u00e3o Vicente and Santo Ant\u00e3o, 4 Days 3 Nights"},"content":{"rendered":"<p>Discover S\u00e3o Vicente, known as the most welcoming and attractive island in the country. Embark on a beautiful one-hour ferry trip to Santo Ant\u00e3o, enjoy breathtaking views of Pa\u00fal Volcano Crater above 1000 meters high and explore one of the most beautiful villages in the world, Fontainhas.<\/p>","protected":false},"excerpt":{"rendered":"<p>Discover S\u00e3o Vicente, known as the most welcoming and attractive island in the country. Embark on a beautiful one-hour ferry trip to Santo Ant\u00e3o, enjoy breathtaking views of Pa\u00fal Volcano Crater above 1000 meters high and explore one of the most beautiful villages in the world, Fontainhas.<\/p>","protected":false},"featured_media":5585,"template":"","meta":{"_acf_changed":false},"product_brand":[],"product_cat":[75,88,91,97,93,95],"product_tag":[79,90,92,98,94,96],"class_list":{"0":"post-6816","1":"product","2":"type-product","3":"status-publish","4":"has-post-thumbnail","6":"product_cat-adventure","7":"product_cat-cultural","8":"product_cat-hiking","9":"product_cat-multi-day","10":"product_cat-santo-antao","11":"product_cat-sao-vicente","12":"product_tag-adventure","13":"product_tag-cultural","14":"product_tag-hiking","15":"product_tag-multi-day","16":"product_tag-santo-antao","17":"product_tag-sao-vicente","18":"wcpa_has_options","20":"first","21":"instock","22":"product-type-simple"},"acf":[],"_links":{"self":[{"href":"https:\/\/sodadetour.com\/fr\/wp-json\/wp\/v2\/product\/6816","targetHints":{"allow":["GET"]}}],"collection":[{"href":"https:\/\/sodadetour.com\/fr\/wp-json\/wp\/v2\/product"}],"about":[{"href":"https:\/\/sodadetour.com\/fr\/wp-json\/wp\/v2\/types\/product"}],"wp:featuredmedia":[{"embeddable":true,"href":"https:\/\/sodadetour.com\/fr\/wp-json\/wp\/v2\/media\/5585"}],"wp:attachment":[{"href":"https:\/\/sodadetour.com\/fr\/wp-json\/wp\/v2\/media?parent=6816"}],"wp:term":[{"taxonomy":"product_brand","embeddable":true,"href":"https:\/\/sodadetour.com\/fr\/wp-json\/wp\/v2\/product_brand?post=6816"},{"taxonomy":"product_cat","embeddable":true,"href":"https:\/\/sodadetour.com\/fr\/wp-json\/wp\/v2\/product_cat?post=6816"},{"taxonomy":"product_tag","embeddable":true,"href":"https:\/\/sodadetour.com\/fr\/wp-json\/wp\/v2\/product_tag?post=6816"}],"curies":[{"name":"wp","href":"https:\/\/api.w.org\/{rel}","templated":true}]}}