{"id":6814,"date":"2026-01-19T11:31:41","date_gmt":"2026-01-19T12:31:41","guid":{"rendered":"https:\/\/sodadetour.com\/product\/santo-antao-1-night-2days\/"},"modified":"2026-02-02T01:23:53","modified_gmt":"2026-02-02T02:23:53","slug":"santo-antao-1-nuit-2jours","status":"publish","type":"product","link":"https:\/\/sodadetour.com\/fr\/produit\/santo-antao-1-nuit-2jours\/","title":{"rendered":"Santo Antao : 1 nuit\/ 2 jours"},"content":{"rendered":"<p>Explorez l'un des sentiers les plus c\u00e9l\u00e8bres de Santo Ant\u00e3o et marchez du parc naturel de Cova \u00e0 la Vale Verde do Paul en compagnie d'un guide local. Profitez des vues \u00e0 couper le souffle sur les vall\u00e9es verdoyantes.<\/p>","protected":false},"excerpt":{"rendered":"<p>Explorez l'un des sentiers les plus c\u00e9l\u00e8bres de Santo Ant\u00e3o et marchez du parc naturel de Cova \u00e0 la Vale Verde do Paul en compagnie d'un guide local. Profitez des vues \u00e0 couper le souffle sur les vall\u00e9es verdoyantes.<\/p>","protected":false},"featured_media":3303,"template":"","meta":{"_acf_changed":false},"product_brand":[],"product_cat":[75,91,97,93],"product_tag":[79,92,98,94],"class_list":{"0":"post-6814","1":"product","2":"type-product","3":"status-publish","4":"has-post-thumbnail","6":"product_cat-adventure","7":"product_cat-hiking","8":"product_cat-multi-day","9":"product_cat-santo-antao","10":"product_tag-adventure","11":"product_tag-hiking","12":"product_tag-multi-day","13":"product_tag-santo-antao","14":"wcpa_has_options","16":"first","17":"instock","18":"purchasable","19":"product-type-simple"},"acf":[],"_links":{"self":[{"href":"https:\/\/sodadetour.com\/fr\/wp-json\/wp\/v2\/product\/6814","targetHints":{"allow":["GET"]}}],"collection":[{"href":"https:\/\/sodadetour.com\/fr\/wp-json\/wp\/v2\/product"}],"about":[{"href":"https:\/\/sodadetour.com\/fr\/wp-json\/wp\/v2\/types\/product"}],"wp:featuredmedia":[{"embeddable":true,"href":"https:\/\/sodadetour.com\/fr\/wp-json\/wp\/v2\/media\/3303"}],"wp:attachment":[{"href":"https:\/\/sodadetour.com\/fr\/wp-json\/wp\/v2\/media?parent=6814"}],"wp:term":[{"taxonomy":"product_brand","embeddable":true,"href":"https:\/\/sodadetour.com\/fr\/wp-json\/wp\/v2\/product_brand?post=6814"},{"taxonomy":"product_cat","embeddable":true,"href":"https:\/\/sodadetour.com\/fr\/wp-json\/wp\/v2\/product_cat?post=6814"},{"taxonomy":"product_tag","embeddable":true,"href":"https:\/\/sodadetour.com\/fr\/wp-json\/wp\/v2\/product_tag?post=6814"}],"curies":[{"name":"wp","href":"https:\/\/api.w.org\/{rel}","templated":true}]}}