{"id":6808,"date":"2026-01-21T03:17:18","date_gmt":"2026-01-21T04:17:18","guid":{"rendered":"https:\/\/sodadetour.com\/product\/santo-antao-package-2-nights-and-3-hikes\/"},"modified":"2026-02-02T01:23:52","modified_gmt":"2026-02-02T02:23:52","slug":"forfait-santo-antao-2-nuits-et-3-randonnees","status":"publish","type":"product","link":"https:\/\/sodadetour.com\/fr\/produit\/forfait-santo-antao-2-nuits-et-3-randonnees\/","title":{"rendered":"Santo Antao : 2 nuits\/ 3 jours"},"content":{"rendered":"<p>Explorez l'un des sentiers les plus c\u00e9l\u00e8bres de Santo Ant\u00e3o et marchez du parc naturel de Cova \u00e0 la Vale Verde do Paul en compagnie d'un guide local. Profitez de vues \u00e9poustouflantes sur les vall\u00e9es verdoyantes.<\/p>","protected":false},"excerpt":{"rendered":"<p>Experience the true summary of the varied landscapes, most beautiful trails, and warm environments that characterize the archipelago on this trip that brings together the four most striking islands of Cape Verde. The ascent of the Pico de Fogo volcano offers the possibility of realizing a small, accessible personal challenge, while the trip is rich in walks, discoveries, and encounters that showcase the best of Cape Verde&#8217;s diverse islands.<\/p>","protected":false},"featured_media":2888,"template":"","meta":{"_acf_changed":false},"product_brand":[],"product_cat":[75,91,97,93],"product_tag":[79,92,98,94],"class_list":{"0":"post-6808","1":"product","2":"type-product","3":"status-publish","4":"has-post-thumbnail","6":"product_cat-adventure","7":"product_cat-hiking","8":"product_cat-multi-day","9":"product_cat-santo-antao","10":"product_tag-adventure","11":"product_tag-hiking","12":"product_tag-multi-day","13":"product_tag-santo-antao","14":"wcpa_has_options","16":"first","17":"instock","18":"purchasable","19":"product-type-simple"},"acf":[],"_links":{"self":[{"href":"https:\/\/sodadetour.com\/fr\/wp-json\/wp\/v2\/product\/6808","targetHints":{"allow":["GET"]}}],"collection":[{"href":"https:\/\/sodadetour.com\/fr\/wp-json\/wp\/v2\/product"}],"about":[{"href":"https:\/\/sodadetour.com\/fr\/wp-json\/wp\/v2\/types\/product"}],"wp:featuredmedia":[{"embeddable":true,"href":"https:\/\/sodadetour.com\/fr\/wp-json\/wp\/v2\/media\/2888"}],"wp:attachment":[{"href":"https:\/\/sodadetour.com\/fr\/wp-json\/wp\/v2\/media?parent=6808"}],"wp:term":[{"taxonomy":"product_brand","embeddable":true,"href":"https:\/\/sodadetour.com\/fr\/wp-json\/wp\/v2\/product_brand?post=6808"},{"taxonomy":"product_cat","embeddable":true,"href":"https:\/\/sodadetour.com\/fr\/wp-json\/wp\/v2\/product_cat?post=6808"},{"taxonomy":"product_tag","embeddable":true,"href":"https:\/\/sodadetour.com\/fr\/wp-json\/wp\/v2\/product_tag?post=6808"}],"curies":[{"name":"wp","href":"https:\/\/api.w.org\/{rel}","templated":true}]}}