{"id":6806,"date":"2026-01-26T08:47:07","date_gmt":"2026-01-26T09:47:07","guid":{"rendered":"https:\/\/sodadetour.com\/product\/sao-vicente-islandthe-secrets-of-creole-cuisine\/"},"modified":"2026-02-02T01:23:52","modified_gmt":"2026-02-02T02:23:52","slug":"ile-de-sao-vicenteles-secrets-de-la-cuisine-creole","status":"publish","type":"product","link":"https:\/\/sodadetour.com\/fr\/produit\/ile-de-sao-vicenteles-secrets-de-la-cuisine-creole\/","title":{"rendered":"L&#039;\u00eele de Sao Vicente : les secrets de la cuisine cr\u00e9ole"},"content":{"rendered":"<p>visite du march\u00e9 principal et du march\u00e9 aux poissons de Mindelo, transfert en transport public vers notre maison, cours de cuisine dans un environnement agr\u00e9able et authentiquement cap-verdien.<\/p>","protected":false},"excerpt":{"rendered":"<p>Immerse yourself in the journey to discover the island of Fogo on this tour that takes you to the town of Cha das Caldeiras and S\u00e3o Filipe with its old townhouses. From visiting the &#8220;Sobrados&#8221; and strolling around the small town full of colonial houses to getting to know the story of the inhabitants of Ch\u00e3 das Caldeiras National Park who saw their homes flooded by lava from the recent volcanic eruption in 2014, you&#8217;ll be enchanted by the almost magical condition of a privileged view of Cape Verde&#8217;s highest mountain.<\/p>","protected":false},"featured_media":3278,"template":"","meta":{"_acf_changed":false},"product_brand":[],"product_cat":[88,74,95],"product_tag":[90,78,96],"class_list":{"0":"post-6806","1":"product","2":"type-product","3":"status-publish","4":"has-post-thumbnail","6":"product_cat-cultural","7":"product_cat-day-tour","8":"product_cat-sao-vicente","9":"product_tag-cultural","10":"product_tag-day-tour","11":"product_tag-sao-vicente","12":"wcpa_has_options","14":"first","15":"instock","16":"purchasable","17":"product-type-simple"},"acf":[],"_links":{"self":[{"href":"https:\/\/sodadetour.com\/fr\/wp-json\/wp\/v2\/product\/6806","targetHints":{"allow":["GET"]}}],"collection":[{"href":"https:\/\/sodadetour.com\/fr\/wp-json\/wp\/v2\/product"}],"about":[{"href":"https:\/\/sodadetour.com\/fr\/wp-json\/wp\/v2\/types\/product"}],"wp:featuredmedia":[{"embeddable":true,"href":"https:\/\/sodadetour.com\/fr\/wp-json\/wp\/v2\/media\/3278"}],"wp:attachment":[{"href":"https:\/\/sodadetour.com\/fr\/wp-json\/wp\/v2\/media?parent=6806"}],"wp:term":[{"taxonomy":"product_brand","embeddable":true,"href":"https:\/\/sodadetour.com\/fr\/wp-json\/wp\/v2\/product_brand?post=6806"},{"taxonomy":"product_cat","embeddable":true,"href":"https:\/\/sodadetour.com\/fr\/wp-json\/wp\/v2\/product_cat?post=6806"},{"taxonomy":"product_tag","embeddable":true,"href":"https:\/\/sodadetour.com\/fr\/wp-json\/wp\/v2\/product_tag?post=6806"}],"curies":[{"name":"wp","href":"https:\/\/api.w.org\/{rel}","templated":true}]}}