{"id":6802,"date":"2026-01-23T22:12:25","date_gmt":"2026-01-23T23:12:25","guid":{"rendered":"https:\/\/sodadetour.com\/product\/sal-islandmaki-roll-and-nigiri-sushi-preparation-and-tasting-class-in-santa-maria\/"},"modified":"2026-02-02T01:23:52","modified_gmt":"2026-02-02T02:23:52","slug":"sal-islandmaki-roll-and-nigiri-sushi-preparation-and-tasting-class-in-santa-maria","status":"publish","type":"product","link":"https:\/\/sodadetour.com\/fr\/produit\/sal-islandmaki-roll-and-nigiri-sushi-preparation-and-tasting-class-in-santa-maria\/","title":{"rendered":"\u00cele de Sal : cours de maki roll et de sushi nigiri"},"content":{"rendered":"<p>Participez \u00e0 un cours de cuisine pour apprendre \u00e0 pr\u00e9parer des sushis avec un personnel sympathique parlant anglais. Situ\u00e9 dans le centre de Santa Maria, un quartier touristique r\u00e9put\u00e9, il est parfait pour une promenade de classe.<\/p>","protected":false},"excerpt":{"rendered":"<p>Discover the secrets of Creole cuisine on this hands-on cooking class that begins with a visit to markets to buy fresh ingredients before heading to a private home. During the course, you&#8217;ll learn how to prepare typical Cape Verdean dishes as we share our secrets on how to make rice, vegetables, fish or meat and really tasty desserts\/starters with Catia Sofia Andrade, a cook well known in Mindelo for her excellent cooking who has appeared on German television cooking shows.<\/p>","protected":false},"featured_media":3231,"template":"","meta":{"_acf_changed":false},"product_brand":[],"product_cat":[88,74,73],"product_tag":[90,78,77],"class_list":{"0":"post-6802","1":"product","2":"type-product","3":"status-publish","4":"has-post-thumbnail","6":"product_cat-cultural","7":"product_cat-day-tour","8":"product_cat-sal","9":"product_tag-cultural","10":"product_tag-day-tour","11":"product_tag-sal","12":"wcpa_has_options","14":"first","15":"instock","16":"purchasable","17":"product-type-simple"},"acf":[],"_links":{"self":[{"href":"https:\/\/sodadetour.com\/fr\/wp-json\/wp\/v2\/product\/6802","targetHints":{"allow":["GET"]}}],"collection":[{"href":"https:\/\/sodadetour.com\/fr\/wp-json\/wp\/v2\/product"}],"about":[{"href":"https:\/\/sodadetour.com\/fr\/wp-json\/wp\/v2\/types\/product"}],"wp:featuredmedia":[{"embeddable":true,"href":"https:\/\/sodadetour.com\/fr\/wp-json\/wp\/v2\/media\/3231"}],"wp:attachment":[{"href":"https:\/\/sodadetour.com\/fr\/wp-json\/wp\/v2\/media?parent=6802"}],"wp:term":[{"taxonomy":"product_brand","embeddable":true,"href":"https:\/\/sodadetour.com\/fr\/wp-json\/wp\/v2\/product_brand?post=6802"},{"taxonomy":"product_cat","embeddable":true,"href":"https:\/\/sodadetour.com\/fr\/wp-json\/wp\/v2\/product_cat?post=6802"},{"taxonomy":"product_tag","embeddable":true,"href":"https:\/\/sodadetour.com\/fr\/wp-json\/wp\/v2\/product_tag?post=6802"}],"curies":[{"name":"wp","href":"https:\/\/api.w.org\/{rel}","templated":true}]}}