{"id":6797,"date":"2026-01-26T16:44:17","date_gmt":"2026-01-26T17:44:17","guid":{"rendered":"https:\/\/sodadetour.com\/product\/sal-island-boat-trip-from-sal-to-boavista\/"},"modified":"2026-03-05T19:52:57","modified_gmt":"2026-03-05T20:52:57","slug":"excursion-en-bateau-de-lile-de-sal-de-sal-a-boavista","status":"publish","type":"product","link":"https:\/\/sodadetour.com\/fr\/produit\/excursion-en-bateau-de-lile-de-sal-de-sal-a-boavista\/","title":{"rendered":"\u00cele de Sal : excursion en bateau de Sal \u00e0 Boavista"},"content":{"rendered":"<p>Un voyage en voilier le long de la magnificence de l'\u00eele de Sal jusqu'\u00e0 l'\u00eele de Boavista. Un voilier tr\u00e8s spacieux et confortable o\u00f9 vous passerez de bons moments, toujours en compagnie d'un \u00e9quipage dynamique.<\/p>","protected":false},"excerpt":{"rendered":"<p>Journey to the highest mountains on the island of Sal on this 4-hour excursion that takes you from Espargos to Murdeira, where you&#8217;ll leave the vehicle and your guide will give you a briefing explaining the precautions you should take to enjoy the excursion. Along the way, visit Monte Le\u00f3n, the town of Palmeira, and finally Monte Grande, where you&#8217;ll have a privileged view of the island of Sal before descending and heading back to the hotel in our car.<\/p>","protected":false},"featured_media":3184,"template":"","meta":{"_acf_changed":false},"product_brand":[],"product_cat":[103,74,73,83],"product_tag":[104,78,77,85],"class_list":{"0":"post-6797","1":"product","2":"type-product","3":"status-publish","4":"has-post-thumbnail","6":"product_cat-boa-vista","7":"product_cat-day-tour","8":"product_cat-sal","9":"product_cat-water-sports","10":"product_tag-boa-vista","11":"product_tag-day-tour","12":"product_tag-sal","13":"product_tag-water-sports","14":"wcpa_has_options","16":"first","17":"instock","18":"purchasable","19":"product-type-simple"},"acf":[],"_links":{"self":[{"href":"https:\/\/sodadetour.com\/fr\/wp-json\/wp\/v2\/product\/6797","targetHints":{"allow":["GET"]}}],"collection":[{"href":"https:\/\/sodadetour.com\/fr\/wp-json\/wp\/v2\/product"}],"about":[{"href":"https:\/\/sodadetour.com\/fr\/wp-json\/wp\/v2\/types\/product"}],"wp:featuredmedia":[{"embeddable":true,"href":"https:\/\/sodadetour.com\/fr\/wp-json\/wp\/v2\/media\/3184"}],"wp:attachment":[{"href":"https:\/\/sodadetour.com\/fr\/wp-json\/wp\/v2\/media?parent=6797"}],"wp:term":[{"taxonomy":"product_brand","embeddable":true,"href":"https:\/\/sodadetour.com\/fr\/wp-json\/wp\/v2\/product_brand?post=6797"},{"taxonomy":"product_cat","embeddable":true,"href":"https:\/\/sodadetour.com\/fr\/wp-json\/wp\/v2\/product_cat?post=6797"},{"taxonomy":"product_tag","embeddable":true,"href":"https:\/\/sodadetour.com\/fr\/wp-json\/wp\/v2\/product_tag?post=6797"}],"curies":[{"name":"wp","href":"https:\/\/api.w.org\/{rel}","templated":true}]}}