{"id":6796,"date":"2026-01-20T09:21:21","date_gmt":"2026-01-20T10:21:21","guid":{"rendered":"https:\/\/sodadetour.com\/product\/sal-island-revision-diving-course-with-2-guided-dives\/"},"modified":"2026-02-02T01:23:51","modified_gmt":"2026-02-02T02:23:51","slug":"sal-island-revision-diving-course-with-2-guided-dives","status":"publish","type":"product","link":"https:\/\/sodadetour.com\/fr\/produit\/sal-island-revision-diving-course-with-2-guided-dives\/","title":{"rendered":"\u00cele de Sal : Cours de plong\u00e9e de r\u00e9vision avec 2 plong\u00e9es guid\u00e9es"},"content":{"rendered":"<p>Participez \u00e0 un cours de remise \u00e0 niveau en plong\u00e9e pour plongeurs certifi\u00e9s \u00e0 Santa Maria, avec \u00e9quipement inclus. Profitez d'un moyen efficace de rafra\u00eechir vos connaissances en mati\u00e8re de plong\u00e9e avec des exercices dans l'eau et deux plong\u00e9es guid\u00e9es en milieu naturel.<\/p>","protected":false},"excerpt":{"rendered":"<p>Combine the cultural exploration of Espargos with the thrilling experience of swimming with lemon sharks on this comprehensive tour. After discovering the artistic expressions and daily life in Espargos, head to Shark Bay on the east coast of Sal, where you&#8217;ll enter the water with an experienced guide who will teach you all about these incredible species and lead you step by step to observe their fins cutting through the surface of the water up close.<\/p>","protected":false},"featured_media":2856,"template":"","meta":{"_acf_changed":false},"product_brand":[],"product_cat":[74,73,83],"product_tag":[78,77,85],"class_list":{"0":"post-6796","1":"product","2":"type-product","3":"status-publish","4":"has-post-thumbnail","6":"product_cat-day-tour","7":"product_cat-sal","8":"product_cat-water-sports","9":"product_tag-day-tour","10":"product_tag-sal","11":"product_tag-water-sports","12":"wcpa_has_options","14":"first","15":"instock","16":"purchasable","17":"product-type-simple"},"acf":[],"_links":{"self":[{"href":"https:\/\/sodadetour.com\/fr\/wp-json\/wp\/v2\/product\/6796","targetHints":{"allow":["GET"]}}],"collection":[{"href":"https:\/\/sodadetour.com\/fr\/wp-json\/wp\/v2\/product"}],"about":[{"href":"https:\/\/sodadetour.com\/fr\/wp-json\/wp\/v2\/types\/product"}],"wp:featuredmedia":[{"embeddable":true,"href":"https:\/\/sodadetour.com\/fr\/wp-json\/wp\/v2\/media\/2856"}],"wp:attachment":[{"href":"https:\/\/sodadetour.com\/fr\/wp-json\/wp\/v2\/media?parent=6796"}],"wp:term":[{"taxonomy":"product_brand","embeddable":true,"href":"https:\/\/sodadetour.com\/fr\/wp-json\/wp\/v2\/product_brand?post=6796"},{"taxonomy":"product_cat","embeddable":true,"href":"https:\/\/sodadetour.com\/fr\/wp-json\/wp\/v2\/product_cat?post=6796"},{"taxonomy":"product_tag","embeddable":true,"href":"https:\/\/sodadetour.com\/fr\/wp-json\/wp\/v2\/product_tag?post=6796"}],"curies":[{"name":"wp","href":"https:\/\/api.w.org\/{rel}","templated":true}]}}