{"id":6792,"date":"2026-01-29T01:12:14","date_gmt":"2026-01-29T02:12:14","guid":{"rendered":"https:\/\/sodadetour.com\/product\/santo-antao-hike-lagoa-to-caibros\/"},"modified":"2026-02-02T01:23:49","modified_gmt":"2026-02-02T02:23:49","slug":"santo-antao-hike-lagoa-to-caibros","status":"publish","type":"product","link":"https:\/\/sodadetour.com\/fr\/produit\/santo-antao-hike-lagoa-to-caibros\/","title":{"rendered":"Santo Antao : randonn\u00e9e de Lagoa \u00e0 Caibros"},"content":{"rendered":"<div class=\"st-overview\">\n<div class=\"st-description\" data-toggle-section=\"st-description\">\n<p>Explorez le sentier le plus c\u00e9l\u00e8bre de Santo Ant\u00e3o et marchez de Lagoa \u00e0 Caibros. Apprenez des histoires et des faits importants gr\u00e2ce \u00e0 votre guide tout en profitant des vues \u00e0 couper le souffle des environs.<\/p>\n<\/div>\n<\/div>\n<div class=\"st-highlight\">\n<h2 class=\"st-heading-section\"><\/h2>\n<\/div>","protected":false},"excerpt":{"rendered":"<p>Refresh your diving skills with this 2-morning refresher course if you haven&#8217;t dived for a while and feel like you need more time to familiarize yourself with the equipment and environment. On the first day in confined water, we refresh your equipment assembly and diving skills to ensure you feel comfortable heading out for 2 open water dives the following morning, where you&#8217;ll be accompanied by experienced divers and enjoy the most beautiful underwater moments of Cape Verde.<\/p>","protected":false},"featured_media":3303,"template":"","meta":{"_acf_changed":false},"product_brand":[],"product_cat":[75,74,91,93],"product_tag":[79,78,92,94],"class_list":{"0":"post-6792","1":"product","2":"type-product","3":"status-publish","4":"has-post-thumbnail","6":"product_cat-adventure","7":"product_cat-day-tour","8":"product_cat-hiking","9":"product_cat-santo-antao","10":"product_tag-adventure","11":"product_tag-day-tour","12":"product_tag-hiking","13":"product_tag-santo-antao","14":"wcpa_has_options","16":"first","17":"instock","18":"purchasable","19":"product-type-simple"},"acf":[],"_links":{"self":[{"href":"https:\/\/sodadetour.com\/fr\/wp-json\/wp\/v2\/product\/6792","targetHints":{"allow":["GET"]}}],"collection":[{"href":"https:\/\/sodadetour.com\/fr\/wp-json\/wp\/v2\/product"}],"about":[{"href":"https:\/\/sodadetour.com\/fr\/wp-json\/wp\/v2\/types\/product"}],"wp:featuredmedia":[{"embeddable":true,"href":"https:\/\/sodadetour.com\/fr\/wp-json\/wp\/v2\/media\/3303"}],"wp:attachment":[{"href":"https:\/\/sodadetour.com\/fr\/wp-json\/wp\/v2\/media?parent=6792"}],"wp:term":[{"taxonomy":"product_brand","embeddable":true,"href":"https:\/\/sodadetour.com\/fr\/wp-json\/wp\/v2\/product_brand?post=6792"},{"taxonomy":"product_cat","embeddable":true,"href":"https:\/\/sodadetour.com\/fr\/wp-json\/wp\/v2\/product_cat?post=6792"},{"taxonomy":"product_tag","embeddable":true,"href":"https:\/\/sodadetour.com\/fr\/wp-json\/wp\/v2\/product_tag?post=6792"}],"curies":[{"name":"wp","href":"https:\/\/api.w.org\/{rel}","templated":true}]}}